{"id":40,"date":"2023-05-25T22:44:18","date_gmt":"2023-05-26T02:44:18","guid":{"rendered":"https:\/\/nanobiotix.com\/?page_id=40"},"modified":"2026-02-26T04:56:01","modified_gmt":"2026-02-26T09:56:01","slug":"careers","status":"publish","type":"page","link":"https:\/\/nanobiotix.com\/fr\/careers\/","title":{"rendered":"Carri\u00e8res"},"content":{"rendered":"<div data-elementor-type=\"wp-page\" data-elementor-id=\"40\" class=\"elementor elementor-40\" data-elementor-post-type=\"page\">\n\t\t\t\t<div class=\"elementor-element elementor-element-28e3ad3 hero e-flex e-con-boxed e-con e-parent\" data-id=\"28e3ad3\" data-element_type=\"container\" data-e-type=\"container\" data-settings=\"{&quot;background_background&quot;:&quot;classic&quot;}\">\n\t\t\t\t\t<div class=\"e-con-inner\">\n\t\t<div class=\"elementor-element elementor-element-9bf47ca e-flex e-con-boxed e-con e-child\" data-id=\"9bf47ca\" data-element_type=\"container\" data-e-type=\"container\">\n\t\t\t\t\t<div class=\"e-con-inner\">\n\t\t\t\t<div class=\"elementor-element elementor-element-4d0f45f elementor-widget elementor-widget-heading\" data-id=\"4d0f45f\" data-element_type=\"widget\" data-e-type=\"widget\" data-widget_type=\"heading.default\">\n\t\t\t\t<div class=\"elementor-widget-container\">\n\t\t\t\t\t<h1 class=\"elementor-heading-title elementor-size-default\">Carri\u00e8res<\/h1>\t\t\t\t<\/div>\n\t\t\t\t<\/div>\n\t\t\t\t<div class=\"elementor-element elementor-element-91cc268 elementor-absolute elementor-widget elementor-widget-image\" data-id=\"91cc268\" data-element_type=\"widget\" data-e-type=\"widget\" data-settings=\"{&quot;_position&quot;:&quot;absolute&quot;}\" data-no-translation=\"\" data-widget_type=\"image.default\">\n\t\t\t\t<div class=\"elementor-widget-container\">\n\t\t\t\t\t<style>.elementor-element-91cc268{display:none !important}<\/style>\t\t\t\t<\/div>\n\t\t\t\t<\/div>\n\t\t\t\t<div class=\"elementor-element elementor-element-65e6398 elementor-absolute elementor-widget elementor-widget-image\" data-id=\"65e6398\" data-element_type=\"widget\" data-e-type=\"widget\" data-settings=\"{&quot;_position&quot;:&quot;absolute&quot;}\" data-no-translation=\"\" data-widget_type=\"image.default\">\n\t\t\t\t<div class=\"elementor-widget-container\">\n\t\t\t\t\t\t\t\t\t\t\t\t\t\t\t<img fetchpriority=\"high\" decoding=\"async\" width=\"1166\" height=\"203\" src=\"https:\/\/nanobiotix.com\/wp-content\/uploads\/2023\/08\/carrieres-type-texture-hero.png\" class=\"attachment-full size-full wp-image-2254\" alt=\"carrieres - type texture - hero\" srcset=\"https:\/\/nanobiotix.com\/wp-content\/uploads\/2023\/08\/carrieres-type-texture-hero.png 1166w, https:\/\/nanobiotix.com\/wp-content\/uploads\/2023\/08\/carrieres-type-texture-hero-768x134.png 768w, https:\/\/nanobiotix.com\/wp-content\/uploads\/2023\/08\/carrieres-type-texture-hero-18x3.png 18w\" sizes=\"(max-width: 1166px) 100vw, 1166px\" \/>\t\t\t\t\t\t\t\t\t\t\t\t\t\t\t<\/div>\n\t\t\t\t<\/div>\n\t\t\t\t\t<\/div>\n\t\t\t\t<\/div>\n\t\t\t\t\t<\/div>\n\t\t\t\t<\/div>\n\t\t<div class=\"elementor-element elementor-element-23f5da0 e-flex e-con-boxed e-con e-parent\" data-id=\"23f5da0\" data-element_type=\"container\" data-e-type=\"container\" data-settings=\"{&quot;background_background&quot;:&quot;classic&quot;}\">\n\t\t\t\t\t<div class=\"e-con-inner\">\n\t\t<div class=\"elementor-element elementor-element-6d3dc30 e-con-full e-flex e-con e-child\" data-id=\"6d3dc30\" data-element_type=\"container\" data-e-type=\"container\">\n\t\t\t\t<div class=\"elementor-element elementor-element-6da6d24 elementor-widget elementor-widget-heading\" data-id=\"6da6d24\" data-element_type=\"widget\" data-e-type=\"widget\" data-widget_type=\"heading.default\">\n\t\t\t\t<div class=\"elementor-widget-container\">\n\t\t\t\t\t<h2 class=\"elementor-heading-title elementor-size-default\">Tracer les nouveaux contours de la nanom\u00e9decine<\/h2>\t\t\t\t<\/div>\n\t\t\t\t<\/div>\n\t\t\t\t<div class=\"elementor-element elementor-element-f6abb1e elementor-widget elementor-widget-text-editor\" data-id=\"f6abb1e\" data-element_type=\"widget\" data-e-type=\"widget\" data-widget_type=\"text-editor.default\">\n\t\t\t\t<div class=\"elementor-widget-container\">\n\t\t\t\t\t\t\t\t\t<p>Chez Nanobiotix, nous avons \u00e0 c\u0153ur de d\u00e9couvrir et de d\u00e9velopper des nanotechnologies capables de changer la vie des patients dans le monde entier. Depuis nos d\u00e9buts, notre \u00e9quipe consacre ses efforts \u00e0 la recherche et \u00e0 la mise au point de nanom\u00e9dicaments novateurs, \u00e0 m\u00eame de r\u00e9volutionner les traitements de nombreuses maladies, dont des cancers.<\/p>\t\t\t\t\t\t\t\t<\/div>\n\t\t\t\t<\/div>\n\t\t\t\t<div class=\"elementor-element elementor-element-e98c110 elementor-widget__width-initial elementor-widget elementor-widget-button\" data-id=\"e98c110\" data-element_type=\"widget\" data-e-type=\"widget\" data-widget_type=\"button.default\">\n\t\t\t\t<div class=\"elementor-widget-container\">\n\t\t\t\t\t\t\t\t\t<div class=\"elementor-button-wrapper\">\n\t\t\t\t\t<a class=\"elementor-button elementor-button-link elementor-size-sm\" href=\"https:\/\/nanobiotix.com\/fr\/our-science\/nbtxr3\/\">\n\t\t\t\t\t\t<span class=\"elementor-button-content-wrapper\">\n\t\t\t\t\t\t\t\t\t<span class=\"elementor-button-text\">D\u00e9couvrir notre plateforme de nanoradioenhancers<\/span>\n\t\t\t\t\t<\/span>\n\t\t\t\t\t<\/a>\n\t\t\t\t<\/div>\n\t\t\t\t\t\t\t\t<\/div>\n\t\t\t\t<\/div>\n\t\t\t\t<div class=\"elementor-element elementor-element-40c5054 elementor-widget__width-initial elementor-widget elementor-widget-button\" data-id=\"40c5054\" data-element_type=\"widget\" data-e-type=\"widget\" data-widget_type=\"button.default\">\n\t\t\t\t<div class=\"elementor-widget-container\">\n\t\t\t\t\t\t\t\t\t<div class=\"elementor-button-wrapper\">\n\t\t\t\t\t<a class=\"elementor-button elementor-button-link elementor-size-sm\" href=\"https:\/\/nanobiotix.com\/fr\/our-science\/curadigm\/\">\n\t\t\t\t\t\t<span class=\"elementor-button-content-wrapper\">\n\t\t\t\t\t\t\t\t\t<span class=\"elementor-button-text\">D\u00e9couvrir notre plateforme de nanoprimers Curadigm<\/span>\n\t\t\t\t\t<\/span>\n\t\t\t\t\t<\/a>\n\t\t\t\t<\/div>\n\t\t\t\t\t\t\t\t<\/div>\n\t\t\t\t<\/div>\n\t\t\t\t<\/div>\n\t\t\t\t\t<\/div>\n\t\t\t\t<\/div>\n\t\t<div class=\"elementor-element elementor-element-a00ee75 e-con-full light-background e-flex e-con e-parent\" data-id=\"a00ee75\" data-element_type=\"container\" data-e-type=\"container\" data-settings=\"{&quot;background_background&quot;:&quot;classic&quot;}\">\n\t\t<div class=\"elementor-element elementor-element-07c6694 e-con-full e-flex e-con e-child\" data-id=\"07c6694\" data-element_type=\"container\" data-e-type=\"container\">\n\t\t\t\t<div class=\"elementor-element elementor-element-42c641f elementor-widget elementor-widget-image\" data-id=\"42c641f\" data-element_type=\"widget\" data-e-type=\"widget\" data-widget_type=\"image.default\">\n\t\t\t\t<div class=\"elementor-widget-container\">\n\t\t\t\t\t\t\t\t\t\t\t\t\t\t\t<img decoding=\"async\" width=\"1600\" height=\"1696\" data-src=\"https:\/\/nanobiotix.com\/wp-content\/uploads\/2023\/06\/Laurent-Levy-in-cutout-glyph-careers.png\" class=\"attachment-full size-full wp-image-1089 lazyload\" alt=\"Laurent Levy in cutout glyph - careers\" data-srcset=\"https:\/\/nanobiotix.com\/wp-content\/uploads\/2023\/06\/Laurent-Levy-in-cutout-glyph-careers.png 1600w, https:\/\/nanobiotix.com\/wp-content\/uploads\/2023\/06\/Laurent-Levy-in-cutout-glyph-careers-768x814.png 768w, https:\/\/nanobiotix.com\/wp-content\/uploads\/2023\/06\/Laurent-Levy-in-cutout-glyph-careers-1449x1536.png 1449w, https:\/\/nanobiotix.com\/wp-content\/uploads\/2023\/06\/Laurent-Levy-in-cutout-glyph-careers-11x12.png 11w\" data-sizes=\"auto\" src=\"data:image\/svg+xml;base64,PHN2ZyB3aWR0aD0iMSIgaGVpZ2h0PSIxIiB4bWxucz0iaHR0cDovL3d3dy53My5vcmcvMjAwMC9zdmciPjwvc3ZnPg==\" style=\"--smush-placeholder-width: 1600px; --smush-placeholder-aspect-ratio: 1600\/1696;\" data-original-sizes=\"(max-width: 1600px) 100vw, 1600px\" \/>\t\t\t\t\t\t\t\t\t\t\t\t\t\t\t<\/div>\n\t\t\t\t<\/div>\n\t\t\t\t<\/div>\n\t\t<div class=\"elementor-element elementor-element-1ec4eb4 e-con-full e-flex e-con e-child\" data-id=\"1ec4eb4\" data-element_type=\"container\" data-e-type=\"container\">\n\t\t\t\t<div class=\"elementor-element elementor-element-92fa989 quote-text elementor-widget elementor-widget-heading\" data-id=\"92fa989\" data-element_type=\"widget\" data-e-type=\"widget\" data-widget_type=\"heading.default\">\n\t\t\t\t<div class=\"elementor-widget-container\">\n\t\t\t\t\t<div class=\"elementor-heading-title elementor-size-default\">\u00ab Je crois en un principe que j\u2019appelle la volont\u00e9 d\u2019\u00e9largir les possibilit\u00e9s de vie, et qui consiste \u00e0 aller au-del\u00e0 de ce que l\u2019on voit et de ce que l\u2019on croit savoir dans le but de d\u00e9couvrir de nouvelles perspectives pour faire avancer l\u2019humanit\u00e9. \u00bb<\/div>\t\t\t\t<\/div>\n\t\t\t\t<\/div>\n\t\t\t\t<div class=\"elementor-element elementor-element-eb94842 quote-name elementor-widget elementor-widget-heading\" data-id=\"eb94842\" data-element_type=\"widget\" data-e-type=\"widget\" data-widget_type=\"heading.default\">\n\t\t\t\t<div class=\"elementor-widget-container\">\n\t\t\t\t\t<div class=\"elementor-heading-title elementor-size-default\">\u2013 Laurent L\u00e9vy, Co-fondateur et Pr\u00e9sident du directoire de&nbsp;Nanobiotix<\/div>\t\t\t\t<\/div>\n\t\t\t\t<\/div>\n\t\t\t\t<\/div>\n\t\t\t\t<\/div>\n\t\t<div class=\"elementor-element elementor-element-cb58d9b e-con-full light-background e-flex e-con e-parent\" data-id=\"cb58d9b\" data-element_type=\"container\" data-e-type=\"container\" data-settings=\"{&quot;background_background&quot;:&quot;classic&quot;}\">\n\t\t<div class=\"elementor-element elementor-element-b9f53a5 e-con-full e-flex e-con e-child\" data-id=\"b9f53a5\" data-element_type=\"container\" data-e-type=\"container\" data-settings=\"{&quot;background_background&quot;:&quot;classic&quot;}\">\n\t\t\t\t<div class=\"elementor-element elementor-element-ee2d9f3 elementor-hidden-widescreen elementor-hidden-desktop elementor-hidden-laptop elementor-hidden-tablet_extra elementor-hidden-tablet elementor-widget elementor-widget-image\" data-id=\"ee2d9f3\" data-element_type=\"widget\" data-e-type=\"widget\" data-widget_type=\"image.default\">\n\t\t\t\t<div class=\"elementor-widget-container\">\n\t\t\t\t\t\t\t\t\t\t\t\t\t\t\t<img decoding=\"async\" width=\"800\" height=\"730\" data-src=\"https:\/\/nanobiotix.com\/wp-content\/uploads\/2023\/06\/female-scientist.jpg\" class=\"attachment-full size-full wp-image-1105 lazyload\" alt=\"female scientist\" data-srcset=\"https:\/\/nanobiotix.com\/wp-content\/uploads\/2023\/06\/female-scientist.jpg 800w, https:\/\/nanobiotix.com\/wp-content\/uploads\/2023\/06\/female-scientist-768x701.jpg 768w, https:\/\/nanobiotix.com\/wp-content\/uploads\/2023\/06\/female-scientist-13x12.jpg 13w\" data-sizes=\"auto\" src=\"data:image\/svg+xml;base64,PHN2ZyB3aWR0aD0iMSIgaGVpZ2h0PSIxIiB4bWxucz0iaHR0cDovL3d3dy53My5vcmcvMjAwMC9zdmciPjwvc3ZnPg==\" style=\"--smush-placeholder-width: 800px; --smush-placeholder-aspect-ratio: 800\/730;\" data-original-sizes=\"(max-width: 800px) 100vw, 800px\" \/>\t\t\t\t\t\t\t\t\t\t\t\t\t\t\t<\/div>\n\t\t\t\t<\/div>\n\t\t\t\t<\/div>\n\t\t<div class=\"elementor-element elementor-element-7341b04 e-con-full e-flex e-con e-child\" data-id=\"7341b04\" data-element_type=\"container\" data-e-type=\"container\">\n\t\t\t\t<div class=\"elementor-element elementor-element-dce3e62 elementor-widget elementor-widget-heading\" data-id=\"dce3e62\" data-element_type=\"widget\" data-e-type=\"widget\" data-widget_type=\"heading.default\">\n\t\t\t\t<div class=\"elementor-widget-container\">\n\t\t\t\t\t<h2 class=\"elementor-heading-title elementor-size-default\">Rejoignez-nous<\/h2>\t\t\t\t<\/div>\n\t\t\t\t<\/div>\n\t\t\t\t<div class=\"elementor-element elementor-element-7240409 elementor-widget elementor-widget-text-editor\" data-id=\"7240409\" data-element_type=\"widget\" data-e-type=\"widget\" data-widget_type=\"text-editor.default\">\n\t\t\t\t<div class=\"elementor-widget-container\">\n\t\t\t\t\t\t\t\t\t<p>Nous recrutons des personnes motiv\u00e9es et cr\u00e9atives qui aiment relever des d\u00e9fis et qui s\u2019\u00e9panouissent dans un environnement de travail collaboratif. Notre r\u00e9ussite individuelle et collective repose sur un esprit de curiosit\u00e9 et une int\u00e9grit\u00e9 \u00e0 toute \u00e9preuve. En savoir plus pour rejoindre notre \u00e9quipe et jouer un r\u00f4le cl\u00e9 dans l\u2019am\u00e9lioration de la vie de millions de personnes gr\u00e2ce \u00e0 une science de pointe.<\/p><p>Si vous souhaitez rejoindre Nanobiotix, veuillez envoyer votre CV \u00e0 <a href=\"mailto:recrutement@nanobiotix.com\" target=\"_blank\" rel=\"noopener\">recrutement@nanobiotix.com<\/a>. Nous \u00e9tudions soigneusement tous les CV. Si votre parcours et vos qualifications correspondent \u00e0 une opportunit\u00e9 de nous rejoindre, nous vous contacterons directement.<\/p>\t\t\t\t\t\t\t\t<\/div>\n\t\t\t\t<\/div>\n\t\t\t\t<div class=\"elementor-element elementor-element-9acad06 elementor-widget elementor-widget-button\" data-id=\"9acad06\" data-element_type=\"widget\" data-e-type=\"widget\" data-widget_type=\"button.default\">\n\t\t\t\t<div class=\"elementor-widget-container\">\n\t\t\t\t\t\t\t\t\t<div class=\"elementor-button-wrapper\">\n\t\t\t\t\t<a class=\"elementor-button elementor-button-link elementor-size-sm\" href=\"https:\/\/www.linkedin.com\/company\/nanobiotix\/jobs\/\" target=\"_blank\">\n\t\t\t\t\t\t<span class=\"elementor-button-content-wrapper\">\n\t\t\t\t\t\t\t\t\t<span class=\"elementor-button-text\">Nos offres d\u2019emploi<\/span>\n\t\t\t\t\t<\/span>\n\t\t\t\t\t<\/a>\n\t\t\t\t<\/div>\n\t\t\t\t\t\t\t\t<\/div>\n\t\t\t\t<\/div>\n\t\t\t\t<\/div>\n\t\t\t\t<\/div>\n\t\t<div class=\"elementor-element elementor-element-4cda5e7 e-flex e-con-boxed e-con e-parent\" data-id=\"4cda5e7\" data-element_type=\"container\" data-e-type=\"container\" data-settings=\"{&quot;background_background&quot;:&quot;classic&quot;}\" data-no-translation=\"\">\n\t\t\t\t\t<div class=\"e-con-inner\">\n\t\t<div class=\"elementor-element elementor-element-a66b0c5 e-con-full e-flex e-con e-child\" data-id=\"a66b0c5\" data-element_type=\"container\" data-e-type=\"container\">\n\t\t\t\t<div class=\"elementor-element elementor-element-9bf6e4b elementor-widget__width-initial elementor-widget elementor-widget-heading\" data-id=\"9bf6e4b\" data-element_type=\"widget\" data-e-type=\"widget\" data-widget_type=\"heading.default\">\n\t\t\t\t<div class=\"elementor-widget-container\">\n\t\t\t\t\t<h2 class=\"elementor-heading-title elementor-size-default\">INDEX \u00c9GALIT\u00c9 PROFESSIONNELLE\nFEMMES \u2013 HOMMES<\/h2>\t\t\t\t<\/div>\n\t\t\t\t<\/div>\n\t\t\t\t<div class=\"elementor-element elementor-element-1d326b3 elementor-widget__width-initial elementor-widget elementor-widget-text-editor\" data-id=\"1d326b3\" data-element_type=\"widget\" data-e-type=\"widget\" data-widget_type=\"text-editor.default\">\n\t\t\t\t<div class=\"elementor-widget-container\">\n\t\t\t\t\t\t\t\t\t<p><strong><b><span lang=\"FR\">Nanobiotix obtient la note de 87 points sur 100 \u00e0 l\u2019index de l\u2019\u00e9galit\u00e9 professionnelle entre les femmes et les hommes au titre de l\u2019ann\u00e9e 2025.<br \/><\/span><\/b><\/strong>(Cette note correspond \u00e0 74 points obtenus sur 85 points maximum pour les indicateurs calculables.)<\/p><p>L\u2019Index de l\u2019\u00e9galit\u00e9 professionnelle est un outil r\u00e9glementaire permettant de mesurer les \u00e9carts de situation entre les femmes et les hommes au sein de l\u2019entreprise. Il constitue pour Nanobiotix un levier de pilotage de sa politique RH en faveur de l\u2019\u00e9galit\u00e9 professionnelle.<\/p><p>L\u2019index est calcul\u00e9 \u00e0 partir des indicateurs suivants :<\/p><p>1\u2013\u00a0Ecart de r\u00e9mun\u00e9ration entre les femmes et les hommes : 29\/40<br \/>2\u2013 Ecart de taux d\u2019augmentations individuelles entre les femmes et les hommes : 35\/35<br \/>3\u2013 Pourcentage de salari\u00e9es ayant b\u00e9n\u00e9fici\u00e9 d\u2019une augmentation dans l\u2019ann\u00e9e suivant leur retour de cong\u00e9 maternit\u00e9 (ou d\u2019adoption) : indicateur non calculable<br \/>4\u2013 Nombre de salari\u00e9s du sexe sous-repr\u00e9sent\u00e9 parmi les dix salari\u00e9s ayant per\u00e7u les plus hautes r\u00e9mun\u00e9rations : 10\/10<\/p><p>Pour en savoir plus sur l\u2019\u00e9galit\u00e9 professionnelle entre les femmes et les hommes, vous pouvez consulter le site du Minist\u00e8re du Travail.<\/p>\t\t\t\t\t\t\t\t<\/div>\n\t\t\t\t<\/div>\n\t\t\t\t<div class=\"elementor-element elementor-element-dc071d7 elementor-widget elementor-widget-button\" data-id=\"dc071d7\" data-element_type=\"widget\" data-e-type=\"widget\" data-widget_type=\"button.default\">\n\t\t\t\t<div class=\"elementor-widget-container\">\n\t\t\t\t\t\t\t\t\t<div class=\"elementor-button-wrapper\">\n\t\t\t\t\t<a class=\"elementor-button elementor-button-link elementor-size-sm\" href=\"https:\/\/clinicaltrials.gov\/search?term=NBTXR3&#038;aggFilters=status:rec%20not\" target=\"_blank\">\n\t\t\t\t\t\t<span class=\"elementor-button-content-wrapper\">\n\t\t\t\t\t\t\t\t\t<span class=\"elementor-button-text\">See Our clinical trials<\/span>\n\t\t\t\t\t<\/span>\n\t\t\t\t\t<\/a>\n\t\t\t\t<\/div>\n\t\t\t\t\t\t\t\t<\/div>\n\t\t\t\t<\/div>\n\t\t\t\t<\/div>\n\t\t\t\t\t<\/div>\n\t\t\t\t<\/div>\n\t\t\t\t<\/div>","protected":false},"excerpt":{"rendered":"<p>CAREERS Charting new frontiers in nanomedicine At Nanobiotix, we are driven to discover and develop life-changing nanotechnologies that help patients around the globe. Since our inception, our team has been committed to researching and pioneering disruptive nanomedicines with the potential to revolutionize the way many cancers are treated. Learn more about our Nanoradionenhancer Platform Discover [&hellip;]<\/p>\n","protected":false},"author":1,"featured_media":0,"parent":0,"menu_order":0,"comment_status":"closed","ping_status":"closed","template":"","meta":{"_acf_changed":false,"site-sidebar-layout":"no-sidebar","site-content-layout":"page-builder","ast-site-content-layout":"full-width-container","site-content-style":"unboxed","site-sidebar-style":"unboxed","ast-global-header-display":"","ast-banner-title-visibility":"","ast-main-header-display":"","ast-hfb-above-header-display":"","ast-hfb-below-header-display":"","ast-hfb-mobile-header-display":"","site-post-title":"disabled","ast-breadcrumbs-content":"","ast-featured-img":"disabled","footer-sml-layout":"","ast-disable-related-posts":"","theme-transparent-header-meta":"","adv-header-id-meta":"","stick-header-meta":"","header-above-stick-meta":"","header-main-stick-meta":"","header-below-stick-meta":"","astra-migrate-meta-layouts":"set","ast-page-background-enabled":"default","ast-page-background-meta":{"desktop":{"background-color":"var(--ast-global-color-4)","background-image":"","background-repeat":"repeat","background-position":"center center","background-size":"auto","background-attachment":"scroll","background-type":"","background-media":"","overlay-type":"","overlay-color":"","overlay-opacity":"","overlay-gradient":""},"tablet":{"background-color":"","background-image":"","background-repeat":"repeat","background-position":"center center","background-size":"auto","background-attachment":"scroll","background-type":"","background-media":"","overlay-type":"","overlay-color":"","overlay-opacity":"","overlay-gradient":""},"mobile":{"background-color":"","background-image":"","background-repeat":"repeat","background-position":"center center","background-size":"auto","background-attachment":"scroll","background-type":"","background-media":"","overlay-type":"","overlay-color":"","overlay-opacity":"","overlay-gradient":""}},"ast-content-background-meta":{"desktop":{"background-color":"var(--ast-global-color-5)","background-image":"","background-repeat":"repeat","background-position":"center center","background-size":"auto","background-attachment":"scroll","background-type":"","background-media":"","overlay-type":"","overlay-color":"","overlay-opacity":"","overlay-gradient":""},"tablet":{"background-color":"var(--ast-global-color-5)","background-image":"","background-repeat":"repeat","background-position":"center center","background-size":"auto","background-attachment":"scroll","background-type":"","background-media":"","overlay-type":"","overlay-color":"","overlay-opacity":"","overlay-gradient":""},"mobile":{"background-color":"var(--ast-global-color-5)","background-image":"","background-repeat":"repeat","background-position":"center center","background-size":"auto","background-attachment":"scroll","background-type":"","background-media":"","overlay-type":"","overlay-color":"","overlay-opacity":"","overlay-gradient":""}},"footnotes":""},"class_list":["post-40","page","type-page","status-publish","hentry"],"acf":[],"_links":{"self":[{"href":"https:\/\/nanobiotix.com\/fr\/wp-json\/wp\/v2\/pages\/40","targetHints":{"allow":["GET"]}}],"collection":[{"href":"https:\/\/nanobiotix.com\/fr\/wp-json\/wp\/v2\/pages"}],"about":[{"href":"https:\/\/nanobiotix.com\/fr\/wp-json\/wp\/v2\/types\/page"}],"author":[{"embeddable":true,"href":"https:\/\/nanobiotix.com\/fr\/wp-json\/wp\/v2\/users\/1"}],"replies":[{"embeddable":true,"href":"https:\/\/nanobiotix.com\/fr\/wp-json\/wp\/v2\/comments?post=40"}],"version-history":[{"count":0,"href":"https:\/\/nanobiotix.com\/fr\/wp-json\/wp\/v2\/pages\/40\/revisions"}],"wp:attachment":[{"href":"https:\/\/nanobiotix.com\/fr\/wp-json\/wp\/v2\/media?parent=40"}],"curies":[{"name":"wp","href":"https:\/\/api.w.org\/{rel}","templated":true}]}}