{"id":36,"date":"2023-05-25T22:43:51","date_gmt":"2023-05-26T02:43:51","guid":{"rendered":"https:\/\/nanobiotix.com\/?page_id=36"},"modified":"2024-08-07T07:29:32","modified_gmt":"2024-08-07T11:29:32","slug":"media-publications","status":"publish","type":"page","link":"https:\/\/nanobiotix.com\/fr\/media-publications\/","title":{"rendered":"Actualit\u00e9s et publications"},"content":{"rendered":"<div data-elementor-type=\"wp-page\" data-elementor-id=\"36\" class=\"elementor elementor-36\" data-elementor-post-type=\"page\">\n\t\t\t\t<div class=\"elementor-element elementor-element-21796cc hero e-flex e-con-boxed e-con e-parent\" data-id=\"21796cc\" data-element_type=\"container\" data-e-type=\"container\" data-settings=\"{&quot;background_background&quot;:&quot;classic&quot;}\">\n\t\t\t\t\t<div class=\"e-con-inner\">\n\t\t<div class=\"elementor-element elementor-element-9e4029b e-flex e-con-boxed e-con e-child\" data-id=\"9e4029b\" data-element_type=\"container\" data-e-type=\"container\">\n\t\t\t\t\t<div class=\"e-con-inner\">\n\t\t\t\t<div class=\"elementor-element elementor-element-815c8a7 elementor-widget elementor-widget-heading\" data-id=\"815c8a7\" data-element_type=\"widget\" data-e-type=\"widget\" data-widget_type=\"heading.default\">\n\t\t\t\t<div class=\"elementor-widget-container\">\n\t\t\t\t\t<h1 class=\"elementor-heading-title elementor-size-default\">Publications scientifiques<\/h1>\t\t\t\t<\/div>\n\t\t\t\t<\/div>\n\t\t\t\t<div class=\"elementor-element elementor-element-83faa33 elementor-absolute elementor-widget-widescreen__width-initial e-transform elementor-widget elementor-widget-image\" data-id=\"83faa33\" data-element_type=\"widget\" data-e-type=\"widget\" data-settings=\"{&quot;_position&quot;:&quot;absolute&quot;,&quot;_transform_translateY_effect&quot;:{&quot;unit&quot;:&quot;px&quot;,&quot;size&quot;:-12,&quot;sizes&quot;:[]},&quot;_transform_translateX_effect&quot;:{&quot;unit&quot;:&quot;px&quot;,&quot;size&quot;:&quot;&quot;,&quot;sizes&quot;:[]},&quot;_transform_translateX_effect_widescreen&quot;:{&quot;unit&quot;:&quot;px&quot;,&quot;size&quot;:&quot;&quot;,&quot;sizes&quot;:[]},&quot;_transform_translateX_effect_laptop&quot;:{&quot;unit&quot;:&quot;px&quot;,&quot;size&quot;:&quot;&quot;,&quot;sizes&quot;:[]},&quot;_transform_translateX_effect_tablet_extra&quot;:{&quot;unit&quot;:&quot;px&quot;,&quot;size&quot;:&quot;&quot;,&quot;sizes&quot;:[]},&quot;_transform_translateX_effect_tablet&quot;:{&quot;unit&quot;:&quot;px&quot;,&quot;size&quot;:&quot;&quot;,&quot;sizes&quot;:[]},&quot;_transform_translateX_effect_mobile&quot;:{&quot;unit&quot;:&quot;px&quot;,&quot;size&quot;:&quot;&quot;,&quot;sizes&quot;:[]},&quot;_transform_translateY_effect_widescreen&quot;:{&quot;unit&quot;:&quot;px&quot;,&quot;size&quot;:&quot;&quot;,&quot;sizes&quot;:[]},&quot;_transform_translateY_effect_laptop&quot;:{&quot;unit&quot;:&quot;px&quot;,&quot;size&quot;:&quot;&quot;,&quot;sizes&quot;:[]},&quot;_transform_translateY_effect_tablet_extra&quot;:{&quot;unit&quot;:&quot;px&quot;,&quot;size&quot;:&quot;&quot;,&quot;sizes&quot;:[]},&quot;_transform_translateY_effect_tablet&quot;:{&quot;unit&quot;:&quot;px&quot;,&quot;size&quot;:&quot;&quot;,&quot;sizes&quot;:[]},&quot;_transform_translateY_effect_mobile&quot;:{&quot;unit&quot;:&quot;px&quot;,&quot;size&quot;:&quot;&quot;,&quot;sizes&quot;:[]}}\" data-no-translation=\"\" data-widget_type=\"image.default\">\n\t\t\t\t<div class=\"elementor-widget-container\">\n\t\t\t\t\t<style>.elementor-element-83faa33{display:none !important}<\/style>\t\t\t\t<\/div>\n\t\t\t\t<\/div>\n\t\t\t\t<div class=\"elementor-element elementor-element-8c6a348 elementor-absolute e-transform elementor-widget elementor-widget-image\" data-id=\"8c6a348\" data-element_type=\"widget\" data-e-type=\"widget\" data-settings=\"{&quot;_position&quot;:&quot;absolute&quot;,&quot;_transform_translateY_effect&quot;:{&quot;unit&quot;:&quot;px&quot;,&quot;size&quot;:6,&quot;sizes&quot;:[]},&quot;_transform_translateX_effect&quot;:{&quot;unit&quot;:&quot;px&quot;,&quot;size&quot;:&quot;&quot;,&quot;sizes&quot;:[]},&quot;_transform_translateX_effect_widescreen&quot;:{&quot;unit&quot;:&quot;px&quot;,&quot;size&quot;:&quot;&quot;,&quot;sizes&quot;:[]},&quot;_transform_translateX_effect_laptop&quot;:{&quot;unit&quot;:&quot;px&quot;,&quot;size&quot;:&quot;&quot;,&quot;sizes&quot;:[]},&quot;_transform_translateX_effect_tablet_extra&quot;:{&quot;unit&quot;:&quot;px&quot;,&quot;size&quot;:&quot;&quot;,&quot;sizes&quot;:[]},&quot;_transform_translateX_effect_tablet&quot;:{&quot;unit&quot;:&quot;px&quot;,&quot;size&quot;:&quot;&quot;,&quot;sizes&quot;:[]},&quot;_transform_translateX_effect_mobile&quot;:{&quot;unit&quot;:&quot;px&quot;,&quot;size&quot;:&quot;&quot;,&quot;sizes&quot;:[]},&quot;_transform_translateY_effect_widescreen&quot;:{&quot;unit&quot;:&quot;px&quot;,&quot;size&quot;:&quot;&quot;,&quot;sizes&quot;:[]},&quot;_transform_translateY_effect_laptop&quot;:{&quot;unit&quot;:&quot;px&quot;,&quot;size&quot;:&quot;&quot;,&quot;sizes&quot;:[]},&quot;_transform_translateY_effect_tablet_extra&quot;:{&quot;unit&quot;:&quot;px&quot;,&quot;size&quot;:&quot;&quot;,&quot;sizes&quot;:[]},&quot;_transform_translateY_effect_tablet&quot;:{&quot;unit&quot;:&quot;px&quot;,&quot;size&quot;:&quot;&quot;,&quot;sizes&quot;:[]},&quot;_transform_translateY_effect_mobile&quot;:{&quot;unit&quot;:&quot;px&quot;,&quot;size&quot;:&quot;&quot;,&quot;sizes&quot;:[]}}\" data-no-translation=\"\" data-widget_type=\"image.default\">\n\t\t\t\t<div class=\"elementor-widget-container\">\n\t\t\t\t\t\t\t\t\t\t\t\t\t\t\t<img fetchpriority=\"high\" decoding=\"async\" width=\"2288\" height=\"152\" src=\"https:\/\/nanobiotix.com\/wp-content\/uploads\/2024\/08\/scientific-publications-header_fr.jpg\" class=\"attachment-full size-full wp-image-2908\" alt=\"\" srcset=\"https:\/\/nanobiotix.com\/wp-content\/uploads\/2024\/08\/scientific-publications-header_fr.jpg 2288w, https:\/\/nanobiotix.com\/wp-content\/uploads\/2024\/08\/scientific-publications-header_fr-768x51.jpg 768w, https:\/\/nanobiotix.com\/wp-content\/uploads\/2024\/08\/scientific-publications-header_fr-1536x102.jpg 1536w, https:\/\/nanobiotix.com\/wp-content\/uploads\/2024\/08\/scientific-publications-header_fr-2048x136.jpg 2048w, https:\/\/nanobiotix.com\/wp-content\/uploads\/2024\/08\/scientific-publications-header_fr-18x1.jpg 18w\" sizes=\"(max-width: 2288px) 100vw, 2288px\" \/>\t\t\t\t\t\t\t\t\t\t\t\t\t\t\t<\/div>\n\t\t\t\t<\/div>\n\t\t\t\t\t<\/div>\n\t\t\t\t<\/div>\n\t\t\t\t\t<\/div>\n\t\t\t\t<\/div>\n\t\t<div class=\"elementor-element elementor-element-f21fe78 light-background e-flex e-con-boxed e-con e-parent\" data-id=\"f21fe78\" data-element_type=\"container\" data-e-type=\"container\">\n\t\t\t\t\t<div class=\"e-con-inner\">\n\t\t\t\t<div class=\"elementor-element elementor-element-3584656 med-text elementor-widget elementor-widget-text-editor\" data-id=\"3584656\" data-element_type=\"widget\" data-e-type=\"widget\" data-widget_type=\"text-editor.default\">\n\t\t\t\t<div class=\"elementor-widget-container\">\n\t\t\t\t\t\t\t\t\t<p>Les r\u00e9sultats des traitements contre le cancer s'am\u00e9liorent continuellement. Consultez nos pr\u00e9sentations, nos vid\u00e9os et nos publications de recherche pour d\u00e9couvrir la puissance de notre technologie.<\/p><p class=\"translation-block\">Restez connect\u00e9 avec Nanobiotix et d\u00e9couvrez nos avanc\u00e9es qui repoussent constamment les limites en consultant nos <a href=\"https:\/\/ir.nanobiotix.com\/news-events\/press-releases\" target=\"_blank\" rel=\"noopener\"> communiqu\u00e9s de presse<\/a>.<\/p><p>Nos publications scientifiques ci-dessous:<\/p>\t\t\t\t\t\t\t\t<\/div>\n\t\t\t\t<\/div>\n\t\t\t\t<div class=\"elementor-element elementor-element-90aae0a elementor-widget elementor-widget-shortcode\" data-id=\"90aae0a\" data-element_type=\"widget\" data-e-type=\"widget\" data-widget_type=\"shortcode.default\">\n\t\t\t\t<div class=\"elementor-widget-container\">\n\t\t\t\t\t\t\t<div class=\"elementor-shortcode\"><form data-sf-form-id='1943' data-is-rtl='0' data-maintain-state='' data-results-url='https:\/\/nanobiotix.com\/media-publications\/' data-ajax-url='https:\/\/nanobiotix.com\/fr\/?sfid=1943&amp;sf_action=get_data&amp;sf_data=all' data-ajax-form-url='https:\/\/nanobiotix.com\/fr\/?sfid=1943&amp;sf_action=get_data&amp;sf_data=form' data-display-result-method='shortcode' data-use-history-api='1' data-template-loaded='0' data-lang-code='fr' data-ajax='1' data-ajax-data-type='json' data-ajax-links-selector='.pagination a' data-ajax-target='#search-filter-results-1943' data-ajax-pagination-type='normal' data-update-ajax-url='1' data-only-results-ajax='1' data-scroll-to-pos='results' data-scroll-on-action='all' data-init-paged='1' data-auto-update='1' data-auto-count='1' data-auto-count-refresh-mode='1' action='https:\/\/nanobiotix.com\/fr\/media-publications\/' method='post' class='searchandfilter' id='search-filter-form-1943' autocomplete='off' data-instance-count='1' data-trp-original-action=\"https:\/\/nanobiotix.com\/media-publications\/\"><ul><li class=\"sf-field-taxonomy-resource_type\" data-sf-field-name=\"_sft_resource_type\" data-sf-field-type=\"taxonomy\" data-sf-field-input-type=\"select\">\t\t<label>\n\t\t\t\t   \t\t\t<span class=\"screen-reader-text\">Ressources<\/span>\n\t\t\t\t\t\t\t\t<select name=\"_sft_resource_type[]\" class=\"sf-input-select\" title=\"Ressources\">\n\t\t\t\t\t\t  \t\t\t<option class=\"sf-level-0 sf-item-0 sf-option-active\" selected=\"selected\" data-sf-count=\"0\" data-sf-depth=\"0\" value=\"\">Ressources<\/option>\n\t\t\t\t\t\t\t\t\t\t\t<option class=\"sf-level-0 sf-item-31\" data-sf-count=\"123\" data-sf-depth=\"0\" value=\"abstracts\">Abstracts&nbsp;&nbsp;(123)<\/option>\n\t\t\t\t\t\t\t\t\t\t\t<option class=\"sf-level-0 sf-item-24\" data-sf-count=\"51\" data-sf-depth=\"0\" value=\"publications\">Publications&nbsp;&nbsp;(51)<\/option>\n\t\t\t\t\t\t\t\t\t\t\t<\/select><\/label>\t\t\t\t\t\t\t\t\t\t<\/li><li class=\"sf-field-taxonomy-platform_type\" data-sf-field-name=\"_sft_platform_type\" data-sf-field-type=\"taxonomy\" data-sf-field-input-type=\"select\">\t\t<label>\n\t\t\t\t   \t\t\t<span class=\"screen-reader-text\">Plateforme<\/span>\n\t\t\t\t\t\t\t\t<select name=\"_sft_platform_type[]\" class=\"sf-input-select\" title=\"Plateforme\">\n\t\t\t\t\t\t  \t\t\t<option class=\"sf-level-0 sf-item-0 sf-option-active\" selected=\"selected\" data-sf-count=\"0\" data-sf-depth=\"0\" value=\"\">All Platforms<\/option>\n\t\t\t\t\t\t\t\t\t\t\t<option class=\"sf-level-0 sf-item-38\" data-sf-count=\"6\" data-sf-depth=\"0\" value=\"curadigm\">Curadigm&nbsp;&nbsp;(6)<\/option>\n\t\t\t\t\t\t\t\t\t\t\t<option class=\"sf-level-0 sf-item-36\" data-sf-count=\"168\" data-sf-depth=\"0\" value=\"nbtxr3\">NBTXR3&nbsp;&nbsp;(168)<\/option>\n\t\t\t\t\t\t\t\t\t\t\t<\/select><\/label>\t\t\t\t\t\t\t\t\t\t<\/li><li class=\"sf-field-taxonomy-data_type\" data-sf-field-name=\"_sft_data_type\" data-sf-field-type=\"taxonomy\" data-sf-field-input-type=\"select\">\t\t<label>\n\t\t\t\t   \t\t\t<span class=\"screen-reader-text\">Donn\u00e9es<\/span>\n\t\t\t\t\t\t\t\t<select name=\"_sft_data_type[]\" class=\"sf-input-select\" title=\"Donn\u00e9es\">\n\t\t\t\t\t\t  \t\t\t<option class=\"sf-level-0 sf-item-0 sf-option-active\" selected=\"selected\" data-sf-count=\"0\" data-sf-depth=\"0\" value=\"\">Donn\u00e9es<\/option>\n\t\t\t\t\t\t\t\t\t\t\t<option class=\"sf-level-0 sf-item-25\" data-sf-count=\"99\" data-sf-depth=\"0\" value=\"clinical\">Clinical&nbsp;&nbsp;(99)<\/option>\n\t\t\t\t\t\t\t\t\t\t\t<option class=\"sf-level-0 sf-item-30\" data-sf-count=\"16\" data-sf-depth=\"0\" value=\"miscellaneous\">Miscellaneous&nbsp;&nbsp;(16)<\/option>\n\t\t\t\t\t\t\t\t\t\t\t<option class=\"sf-level-0 sf-item-29\" data-sf-count=\"56\" data-sf-depth=\"0\" value=\"pre-clinical\">Pre-Clinical&nbsp;&nbsp;(56)<\/option>\n\t\t\t\t\t\t\t\t\t\t\t<\/select><\/label>\t\t\t\t\t\t\t\t\t\t<\/li><li class=\"sf-field-taxonomy-indication\" data-sf-field-name=\"_sft_indication\" data-sf-field-type=\"taxonomy\" data-sf-field-input-type=\"select\">\t\t<label>\n\t\t\t\t   \t\t\t<span class=\"screen-reader-text\">Indication<\/span>\n\t\t\t\t\t\t\t\t<select name=\"_sft_indication[]\" class=\"sf-input-select\" title=\"Indication\">\n\t\t\t\t\t\t  \t\t\t<option class=\"sf-level-0 sf-item-0 sf-option-active\" selected=\"selected\" data-sf-count=\"0\" data-sf-depth=\"0\" value=\"\">Indication<\/option>\n\t\t\t\t\t\t\t\t\t\t\t<option class=\"sf-level-0 sf-item-26\" data-sf-count=\"53\" data-sf-depth=\"0\" value=\"head-neck\">Head &amp; Neck&nbsp;&nbsp;(53)<\/option>\n\t\t\t\t\t\t\t\t\t\t\t<option class=\"sf-level-0 sf-item-32\" data-sf-count=\"44\" data-sf-depth=\"0\" value=\"liver\">Liver&nbsp;&nbsp;(44)<\/option>\n\t\t\t\t\t\t\t\t\t\t\t<option class=\"sf-level-0 sf-item-34\" data-sf-count=\"23\" data-sf-depth=\"0\" value=\"lung\">Lung&nbsp;&nbsp;(23)<\/option>\n\t\t\t\t\t\t\t\t\t\t\t<option class=\"sf-level-0 sf-item-41\" data-sf-count=\"7\" data-sf-depth=\"0\" value=\"miscellaneous\">Miscellaneous&nbsp;&nbsp;(7)<\/option>\n\t\t\t\t\t\t\t\t\t\t\t<option class=\"sf-level-0 sf-item-28\" data-sf-count=\"2\" data-sf-depth=\"0\" value=\"pancreas\">Pancreas&nbsp;&nbsp;(2)<\/option>\n\t\t\t\t\t\t\t\t\t\t\t<option class=\"sf-level-0 sf-item-33\" data-sf-count=\"9\" data-sf-depth=\"0\" value=\"rectum\">Rectum&nbsp;&nbsp;(9)<\/option>\n\t\t\t\t\t\t\t\t\t\t\t<option class=\"sf-level-0 sf-item-27\" data-sf-count=\"22\" data-sf-depth=\"0\" value=\"sts\">STS&nbsp;&nbsp;(22)<\/option>\n\t\t\t\t\t\t\t\t\t\t\t<\/select><\/label>\t\t\t\t\t\t\t\t\t\t<\/li><li class=\"sf-field-search\" data-sf-field-name=\"search\" data-sf-field-type=\"search\" data-sf-field-input-type=\"\">\t\t<label>\n\t\t\t\t   \t\t\t<span class=\"screen-reader-text\">Rechercher tout<\/span><input placeholder=\"Rechercher ...\" name=\"_sf_search[]\" class=\"sf-input-text\" type=\"text\" value=\"\" title=\"Rechercher tout\"><\/label>\t\t<\/li><\/ul><input type=\"hidden\" name=\"trp-form-language\" value=\"fr\"\/><\/form>\n<div class=\"search-filter-results\" id=\"search-filter-results-1943\">   <div class=\"pagination\">\n        <!-- Display Number of posts -->\n\t   <div class=\"num-posts\"><span class=\"found-text\">Found<\/span> 174 <span class=\"results-text\">R\u00e9sultats trouv\u00e9s<\/span><\/div> \n        <!-- pagenavi code -->\n\t\t<div class='wp-pagenavi' role='navigation'>\n<span aria-current='page' class='current'>1<\/span><a class=\"page larger\" title=\"Page 2\" href=\"https:\/\/nanobiotix.com\/fr\/media-publications\/?sf_paged=2\">2<\/a><a class=\"page larger\" title=\"Page 3\" href=\"https:\/\/nanobiotix.com\/fr\/media-publications\/?sf_paged=3\">3<\/a><a class=\"page larger\" title=\"Page 4\" href=\"https:\/\/nanobiotix.com\/fr\/media-publications\/?sf_paged=4\">4<\/a><span class='extend'>...<\/span><a class=\"larger page\" title=\"Page 10\" href=\"https:\/\/nanobiotix.com\/fr\/media-publications\/?sf_paged=10\">10<\/a><span class='extend'>...<\/span><a class=\"nextpostslink\" rel=\"next\" aria-label=\"Page suivante\" href=\"https:\/\/nanobiotix.com\/fr\/media-publications\/?sf_paged=2\">\u00bb<\/a>\n<\/div>\t<\/div> <!-- pagination close -->\n\t\n\t<div class='lsc-sf-container'>\n\t\t\t\t<div class='lsc-sf-item'>\n\t\t\t\t<div class=\"lsc-sf-date lsc-ir-date\">Publications<\/div><!-- date close -->\n\t\t\t\t<div class=\"lsc-sf-title lsc-ir-title\"><a href=\"https:\/\/www.sciencedirect.com\/science\/article\/abs\/pii\/S0142961225008385?via%3Dihub\" target=\"_blank\" class=\"lsc-sf-link med-text\">2025 - Multimodal synergistic effects and theranostic integration of hafnium-based nanoradiosensitizers for enhancing precision radiotherapy<\/a><\/div><!-- title close -->\n            <\/div><!-- lsc sf item close -->\n            \t\t\t<div class='lsc-sf-item'>\n\t\t\t\t<div class=\"lsc-sf-date lsc-ir-date\">Publications<\/div><!-- date close -->\n\t\t\t\t<div class=\"lsc-sf-title lsc-ir-title\"><a href=\"https:\/\/nanobiotix.com\/wp-content\/uploads\/2026\/01\/13046_2025_Article_3579.pdf\" target=\"_blank\" class=\"lsc-sf-link med-text\">2025 - The radioenhancer NBTXR3: bridging physics and biology to improve radiotherapy outcomes and prime anti-tumor immunity<\/a><\/div><!-- title close -->\n            <\/div><!-- lsc sf item close -->\n            \t\t\t<div class='lsc-sf-item'>\n\t\t\t\t<div class=\"lsc-sf-date lsc-ir-date\">Publications<\/div><!-- date close -->\n\t\t\t\t<div class=\"lsc-sf-title lsc-ir-title\"><a href=\"https:\/\/nanobiotix.com\/wp-content\/uploads\/2026\/01\/Radioenhancing-Hafnium-Oxide-Nanoparticles-NBTXR3-Followed-by-Stereotactic-Body-Radiation-Therapy-in-Patients-With-Hepatocellular-Carcinoma-and-Liver-Metastases-NBTXR3-103_Phase-1-Dose-Escalation-Trial.pdf\" target=\"_blank\" class=\"lsc-sf-link med-text\">2025 - Radioenhancing Hafnium Oxide Nanoparticles (NBTXR3) Followed by SBRT in Patients With Hepatocellular Carcinoma and Liver Metastases (NBTXR3-103): Phase 1 Dose-Escalation Trial<\/a><\/div><!-- title close -->\n            <\/div><!-- lsc sf item close -->\n            \t\t\t<div class='lsc-sf-item'>\n\t\t\t\t<div class=\"lsc-sf-date lsc-ir-date\">Publications<\/div><!-- date close -->\n\t\t\t\t<div class=\"lsc-sf-title lsc-ir-title\"><a href=\"https:\/\/nanobiotix.com\/wp-content\/uploads\/2026\/01\/IFON_21_2496131.pdf\" target=\"_blank\" class=\"lsc-sf-link med-text\">2025 - Nanoray-312: phase III study of NBTXR3 + radiotherapy \u00b1 cetuximab in elderly, platinum-ineligible locally advanced HNSCC<\/a><\/div><!-- title close -->\n            <\/div><!-- lsc sf item close -->\n            \t\t\t<div class='lsc-sf-item'>\n\t\t\t\t<div class=\"lsc-sf-date lsc-ir-date\">Publications<\/div><!-- date close -->\n\t\t\t\t<div class=\"lsc-sf-title lsc-ir-title\"><a href=\"https:\/\/nanobiotix.com\/wp-content\/uploads\/2025\/06\/WIREs_Nanomed_Nanobiotechnol_2025_Advancing_Medical_Applications_of_Cancer_Nanotechnology.pdf\" target=\"_blank\" class=\"lsc-sf-link med-text\">2025 - Advancing Medical Applications of CancerNanotechnology: Highlighting Two Decades of the NCI&#8217;SNanotechnology Characterization Laboratory Service to theResearch Community<\/a><\/div><!-- title close -->\n            <\/div><!-- lsc sf item close -->\n            \t\t\t<div class='lsc-sf-item'>\n\t\t\t\t<div class=\"lsc-sf-date lsc-ir-date\">Publications<\/div><!-- date close -->\n\t\t\t\t<div class=\"lsc-sf-title lsc-ir-title\"><a href=\"https:\/\/nanobiotix.com\/wp-content\/uploads\/2026\/01\/cancers-17-00899.pdf\" target=\"_blank\" class=\"lsc-sf-link med-text\">2025 - The Emerging Role of Nanoparticles Combined with Either Radiotherapy or Hyperthermia in Head and Neck Cancer: A Current ReviewClassification<\/a><\/div><!-- title close -->\n            <\/div><!-- lsc sf item close -->\n            \t\t\t<div class='lsc-sf-item'>\n\t\t\t\t<div class=\"lsc-sf-date lsc-ir-date\">Publications<\/div><!-- date close -->\n\t\t\t\t<div class=\"lsc-sf-title lsc-ir-title\"><a href=\"https:\/\/nanobiotix.com\/wp-content\/uploads\/2026\/01\/12951_2024_Article_2855.pdf\" target=\"_blank\" class=\"lsc-sf-link med-text\">2024 - Superior antitumor immune response achieved with proton over photon immunoradiotherapy is amplified by the nanoradioenhancer NBTXR3<\/a><\/div><!-- title close -->\n            <\/div><!-- lsc sf item close -->\n            \t\t\t<div class='lsc-sf-item'>\n\t\t\t\t<div class=\"lsc-sf-date lsc-ir-date\">Publications<\/div><!-- date close -->\n\t\t\t\t<div class=\"lsc-sf-title lsc-ir-title\"><a href=\"https:\/\/www.sciencedirect.com\/science\/article\/abs\/pii\/S1278321824001483?via%3Dihub\" target=\"_blank\" class=\"lsc-sf-link med-text\">2024 - Use of nanoparticles in radiation oncology<\/a><\/div><!-- title close -->\n            <\/div><!-- lsc sf item close -->\n            \t\t\t<div class='lsc-sf-item'>\n\t\t\t\t<div class=\"lsc-sf-date lsc-ir-date\">Publications<\/div><!-- date close -->\n\t\t\t\t<div class=\"lsc-sf-title lsc-ir-title\"><a href=\"https:\/\/www.nature.com\/articles\/s41565-024-01754-7\" target=\"_blank\" class=\"lsc-sf-link med-text\">2024 - A translational framework to DELIVER nanomedicines to the clinic<\/a><\/div><!-- title close -->\n            <\/div><!-- lsc sf item close -->\n            \t\t\t<div class='lsc-sf-item'>\n\t\t\t\t<div class=\"lsc-sf-date lsc-ir-date\">Publications<\/div><!-- date close -->\n\t\t\t\t<div class=\"lsc-sf-title lsc-ir-title\"><a href=\"https:\/\/nanobiotix.com\/wp-content\/uploads\/2025\/06\/A_translational_framework_to_DELIVER_nanomedicines_to_the_clinic_2024_nature_nanotechnology.pdf\" target=\"_blank\" class=\"lsc-sf-link med-text\">2024 - A translational framework to DELIVERnanomedicines to the clinic<\/a><\/div><!-- title close -->\n            <\/div><!-- lsc sf item close -->\n                         <\/div><!-- lsc sf container close -->\n        <div class=\"pagination\">\n         <!-- pagenavi code -->\n\t\t<br \/><div class='wp-pagenavi' role='navigation'>\n<span aria-current='page' class='current'>1<\/span><a class=\"page larger\" title=\"Page 2\" href=\"https:\/\/nanobiotix.com\/fr\/media-publications\/?sf_paged=2\">2<\/a><a class=\"page larger\" title=\"Page 3\" href=\"https:\/\/nanobiotix.com\/fr\/media-publications\/?sf_paged=3\">3<\/a><a class=\"page larger\" title=\"Page 4\" href=\"https:\/\/nanobiotix.com\/fr\/media-publications\/?sf_paged=4\">4<\/a><span class='extend'>...<\/span><a class=\"larger page\" title=\"Page 10\" href=\"https:\/\/nanobiotix.com\/fr\/media-publications\/?sf_paged=10\">10<\/a><span class='extend'>...<\/span><a class=\"nextpostslink\" rel=\"next\" aria-label=\"Page suivante\" href=\"https:\/\/nanobiotix.com\/fr\/media-publications\/?sf_paged=2\">\u00bb<\/a>\n<\/div>\t    <\/div><!-- pagination close -->\t\t\t\n\t\t<\/div><\/div>\n\t\t\t\t\t\t<\/div>\n\t\t\t\t<\/div>\n\t\t\t\t\t<\/div>\n\t\t\t\t<\/div>\n\t\t\t\t<\/div>","protected":false},"excerpt":{"rendered":"<p>Scientific PUBLICATIONS We\u2019re making progress in improving cancer treatment outcomes. See our presentations, videos, and research publications to discover the power of our science. Visit our Press Releases to stay connected with Nanobiotix and our limit-defying work. View Nanobiotix scientific publications below:<\/p>","protected":false},"author":1,"featured_media":0,"parent":0,"menu_order":0,"comment_status":"closed","ping_status":"closed","template":"","meta":{"_acf_changed":false,"site-sidebar-layout":"no-sidebar","site-content-layout":"page-builder","ast-site-content-layout":"default","site-content-style":"default","site-sidebar-style":"default","ast-global-header-display":"","ast-banner-title-visibility":"","ast-main-header-display":"","ast-hfb-above-header-display":"","ast-hfb-below-header-display":"","ast-hfb-mobile-header-display":"","site-post-title":"disabled","ast-breadcrumbs-content":"","ast-featured-img":"disabled","footer-sml-layout":"","ast-disable-related-posts":"","theme-transparent-header-meta":"","adv-header-id-meta":"","stick-header-meta":"","header-above-stick-meta":"","header-main-stick-meta":"","header-below-stick-meta":"","astra-migrate-meta-layouts":"default","ast-page-background-enabled":"default","ast-page-background-meta":{"desktop":{"background-color":"var(--ast-global-color-4)","background-image":"","background-repeat":"repeat","background-position":"center center","background-size":"auto","background-attachment":"scroll","background-type":"","background-media":"","overlay-type":"","overlay-color":"","overlay-opacity":"","overlay-gradient":""},"tablet":{"background-color":"","background-image":"","background-repeat":"repeat","background-position":"center center","background-size":"auto","background-attachment":"scroll","background-type":"","background-media":"","overlay-type":"","overlay-color":"","overlay-opacity":"","overlay-gradient":""},"mobile":{"background-color":"","background-image":"","background-repeat":"repeat","background-position":"center center","background-size":"auto","background-attachment":"scroll","background-type":"","background-media":"","overlay-type":"","overlay-color":"","overlay-opacity":"","overlay-gradient":""}},"ast-content-background-meta":{"desktop":{"background-color":"var(--ast-global-color-5)","background-image":"","background-repeat":"repeat","background-position":"center center","background-size":"auto","background-attachment":"scroll","background-type":"","background-media":"","overlay-type":"","overlay-color":"","overlay-opacity":"","overlay-gradient":""},"tablet":{"background-color":"var(--ast-global-color-5)","background-image":"","background-repeat":"repeat","background-position":"center center","background-size":"auto","background-attachment":"scroll","background-type":"","background-media":"","overlay-type":"","overlay-color":"","overlay-opacity":"","overlay-gradient":""},"mobile":{"background-color":"var(--ast-global-color-5)","background-image":"","background-repeat":"repeat","background-position":"center center","background-size":"auto","background-attachment":"scroll","background-type":"","background-media":"","overlay-type":"","overlay-color":"","overlay-opacity":"","overlay-gradient":""}},"footnotes":""},"class_list":["post-36","page","type-page","status-publish","hentry"],"acf":[],"_links":{"self":[{"href":"https:\/\/nanobiotix.com\/fr\/wp-json\/wp\/v2\/pages\/36","targetHints":{"allow":["GET"]}}],"collection":[{"href":"https:\/\/nanobiotix.com\/fr\/wp-json\/wp\/v2\/pages"}],"about":[{"href":"https:\/\/nanobiotix.com\/fr\/wp-json\/wp\/v2\/types\/page"}],"author":[{"embeddable":true,"href":"https:\/\/nanobiotix.com\/fr\/wp-json\/wp\/v2\/users\/1"}],"replies":[{"embeddable":true,"href":"https:\/\/nanobiotix.com\/fr\/wp-json\/wp\/v2\/comments?post=36"}],"version-history":[{"count":0,"href":"https:\/\/nanobiotix.com\/fr\/wp-json\/wp\/v2\/pages\/36\/revisions"}],"wp:attachment":[{"href":"https:\/\/nanobiotix.com\/fr\/wp-json\/wp\/v2\/media?parent=36"}],"curies":[{"name":"wp","href":"https:\/\/api.w.org\/{rel}","templated":true}]}}