{"id":32,"date":"2023-05-25T22:43:28","date_gmt":"2023-05-26T02:43:28","guid":{"rendered":"https:\/\/nanobiotix.com\/?page_id=32"},"modified":"2025-06-06T13:35:22","modified_gmt":"2025-06-06T17:35:22","slug":"partners","status":"publish","type":"page","link":"https:\/\/nanobiotix.com\/fr\/partners\/","title":{"rendered":"Partenaires"},"content":{"rendered":"<div data-elementor-type=\"wp-page\" data-elementor-id=\"32\" class=\"elementor elementor-32\" data-elementor-post-type=\"page\">\n\t\t\t\t<div class=\"elementor-element elementor-element-bdc6f0b hero e-flex e-con-boxed e-con e-parent\" data-id=\"bdc6f0b\" data-element_type=\"container\" data-e-type=\"container\" data-settings=\"{&quot;background_background&quot;:&quot;classic&quot;}\">\n\t\t\t\t\t<div class=\"e-con-inner\">\n\t\t<div class=\"elementor-element elementor-element-2bc96e0 e-flex e-con-boxed e-con e-child\" data-id=\"2bc96e0\" data-element_type=\"container\" data-e-type=\"container\">\n\t\t\t\t\t<div class=\"e-con-inner\">\n\t\t\t\t<div class=\"elementor-element elementor-element-f76d8ec elementor-widget elementor-widget-heading\" data-id=\"f76d8ec\" data-element_type=\"widget\" data-e-type=\"widget\" data-widget_type=\"heading.default\">\n\t\t\t\t<div class=\"elementor-widget-container\">\n\t\t\t\t\t<h1 class=\"elementor-heading-title elementor-size-default\">Partenariats &amp; collaborations<\/h1>\t\t\t\t<\/div>\n\t\t\t\t<\/div>\n\t\t\t\t<div class=\"elementor-element elementor-element-d1be481 elementor-absolute elementor-widget elementor-widget-image\" data-id=\"d1be481\" data-element_type=\"widget\" data-e-type=\"widget\" data-settings=\"{&quot;_position&quot;:&quot;absolute&quot;}\" data-widget_type=\"image.default\">\n\t\t\t\t<div class=\"elementor-widget-container\">\n\t\t\t\t\t\t\t\t\t\t\t\t\t\t\t<img fetchpriority=\"high\" decoding=\"async\" width=\"2062\" height=\"184\" src=\"https:\/\/nanobiotix.com\/wp-content\/uploads\/2023\/06\/collaborations-type-texture-hero.png\" class=\"attachment-full size-full wp-image-847\" alt=\"Collaborations - text graphic\" srcset=\"https:\/\/nanobiotix.com\/wp-content\/uploads\/2023\/06\/collaborations-type-texture-hero.png 2062w, https:\/\/nanobiotix.com\/wp-content\/uploads\/2023\/06\/collaborations-type-texture-hero-768x69.png 768w, https:\/\/nanobiotix.com\/wp-content\/uploads\/2023\/06\/collaborations-type-texture-hero-1536x137.png 1536w, https:\/\/nanobiotix.com\/wp-content\/uploads\/2023\/06\/collaborations-type-texture-hero-2048x183.png 2048w\" sizes=\"(max-width: 2062px) 100vw, 2062px\" \/>\t\t\t\t\t\t\t\t\t\t\t\t\t\t\t<\/div>\n\t\t\t\t<\/div>\n\t\t\t\t\t<\/div>\n\t\t\t\t<\/div>\n\t\t\t\t\t<\/div>\n\t\t\t\t<\/div>\n\t\t<div class=\"elementor-element elementor-element-052127f light-background e-flex e-con-boxed e-con e-parent\" data-id=\"052127f\" data-element_type=\"container\" data-e-type=\"container\" data-settings=\"{&quot;background_background&quot;:&quot;classic&quot;}\">\n\t\t\t\t\t<div class=\"e-con-inner\">\n\t\t<div class=\"elementor-element elementor-element-325c8ef e-con-full e-flex e-con e-child\" data-id=\"325c8ef\" data-element_type=\"container\" data-e-type=\"container\">\n\t\t\t\t<div class=\"elementor-element elementor-element-c61b1be elementor-widget elementor-widget-heading\" data-id=\"c61b1be\" data-element_type=\"widget\" data-e-type=\"widget\" data-widget_type=\"heading.default\">\n\t\t\t\t<div class=\"elementor-widget-container\">\n\t\t\t\t\t<h2 class=\"elementor-heading-title elementor-size-default\">Ancr\u00e9e en France, pr\u00e9sente dans le monde entier<\/h2>\t\t\t\t<\/div>\n\t\t\t\t<\/div>\n\t\t\t\t<div class=\"elementor-element elementor-element-6d5ec93 elementor-widget elementor-widget-text-editor\" data-id=\"6d5ec93\" data-element_type=\"widget\" data-e-type=\"widget\" data-widget_type=\"text-editor.default\">\n\t\t\t\t<div class=\"elementor-widget-container\">\n\t\t\t\t\t\t\t\t\t<p>Chez Nanobiotix, nous travaillons en collaboration avec des partenaires de renomm\u00e9e mondiale afin de poursuivre le d\u00e9veloppement de nanoth\u00e9rapies au potentiel r\u00e9volutionnaire, fond\u00e9es sur la physique. Aujourd\u2019hui, nous nous concentrons sur la cr\u00e9ation de partenariats avec des entreprises cherchant \u00e0 mettre \u00e0 profit notre plateforme de nanoprimer Curadigm pour lever les contraintes que constituent la clairance rapide de la circulation sanguine, la faible biodisponibilit\u00e9 qui en r\u00e9sulte, la faible accumulation dans les tissus cibles et\/ou l\u2019h\u00e9patotoxicit\u00e9 de leurs candidats th\u00e9rapeutiques.<\/p>\t\t\t\t\t\t\t\t<\/div>\n\t\t\t\t<\/div>\n\t\t\t\t<div class=\"elementor-element elementor-element-07b792c no-bot-margin elementor-widget elementor-widget-text-editor\" data-id=\"07b792c\" data-element_type=\"widget\" data-e-type=\"widget\" data-widget_type=\"text-editor.default\">\n\t\t\t\t<div class=\"elementor-widget-container\">\n\t\t\t\t\t\t\t\t\t<p><strong>En savoir plus sur notre plateforme de nanoprimer Curadigm <\/strong><\/p>\t\t\t\t\t\t\t\t<\/div>\n\t\t\t\t<\/div>\n\t\t\t\t<div class=\"elementor-element elementor-element-dfbeae3 elementor-widget elementor-widget-button\" data-id=\"dfbeae3\" data-element_type=\"widget\" data-e-type=\"widget\" data-widget_type=\"button.default\">\n\t\t\t\t<div class=\"elementor-widget-container\">\n\t\t\t\t\t\t\t\t\t<div class=\"elementor-button-wrapper\">\n\t\t\t\t\t<a class=\"elementor-button elementor-button-link elementor-size-sm\" href=\"\/fr\/our-science\/curadigm\/\" target=\"_blank\">\n\t\t\t\t\t\t<span class=\"elementor-button-content-wrapper\">\n\t\t\t\t\t\t\t\t\t<span class=\"elementor-button-text\">D\u00e9couvrir Curadigm <\/span>\n\t\t\t\t\t<\/span>\n\t\t\t\t\t<\/a>\n\t\t\t\t<\/div>\n\t\t\t\t\t\t\t\t<\/div>\n\t\t\t\t<\/div>\n\t\t\t\t<div class=\"elementor-element elementor-element-9710988 no-bot-margin elementor-widget elementor-widget-text-editor\" data-id=\"9710988\" data-element_type=\"widget\" data-e-type=\"widget\" data-widget_type=\"text-editor.default\">\n\t\t\t\t<div class=\"elementor-widget-container\">\n\t\t\t\t\t\t\t\t\t<p><strong>Tirer parti de notre approche scientifique r\u00e9volutionnaire<\/strong><\/p>\t\t\t\t\t\t\t\t<\/div>\n\t\t\t\t<\/div>\n\t\t\t\t<div class=\"elementor-element elementor-element-385a87b elementor-widget elementor-widget-button\" data-id=\"385a87b\" data-element_type=\"widget\" data-e-type=\"widget\" data-widget_type=\"button.default\">\n\t\t\t\t<div class=\"elementor-widget-container\">\n\t\t\t\t\t\t\t\t\t<div class=\"elementor-button-wrapper\">\n\t\t\t\t\t<a class=\"elementor-button elementor-button-link elementor-size-sm\" href=\"\/fr\/contact\/%20\/\">\n\t\t\t\t\t\t<span class=\"elementor-button-content-wrapper\">\n\t\t\t\t\t\t\t\t\t<span class=\"elementor-button-text\">Devenir un partenaire <\/span>\n\t\t\t\t\t<\/span>\n\t\t\t\t\t<\/a>\n\t\t\t\t<\/div>\n\t\t\t\t\t\t\t\t<\/div>\n\t\t\t\t<\/div>\n\t\t\t\t<\/div>\n\t\t\t\t\t<\/div>\n\t\t\t\t<\/div>\n\t\t<div class=\"elementor-element elementor-element-088d0f3 light-background e-flex e-con-boxed e-con e-parent\" data-id=\"088d0f3\" data-element_type=\"container\" data-e-type=\"container\">\n\t\t\t\t\t<div class=\"e-con-inner\">\n\t\t\t\t<div class=\"elementor-element elementor-element-3e2897b elementor-widget__width-inherit elementor-widget elementor-widget-heading\" data-id=\"3e2897b\" data-element_type=\"widget\" data-e-type=\"widget\" data-widget_type=\"heading.default\">\n\t\t\t\t<div class=\"elementor-widget-container\">\n\t\t\t\t\t<h2 class=\"elementor-heading-title elementor-size-default\">Collaborations NBTXR3<\/h2>\t\t\t\t<\/div>\n\t\t\t\t<\/div>\n\t\t<div class=\"elementor-element elementor-element-dc00fac e-con-full e-flex e-con e-child\" data-id=\"dc00fac\" data-element_type=\"container\" data-e-type=\"container\">\n\t\t\t\t<div class=\"elementor-element elementor-element-7858cd6 elementor-widget elementor-widget-text-editor\" data-id=\"7858cd6\" data-element_type=\"widget\" data-e-type=\"widget\" data-widget_type=\"text-editor.default\">\n\t\t\t\t<div class=\"elementor-widget-container\">\n\t\t\t\t\t\t\t\t\t<p><a href=\"\/fr\/our-science\/nbtxr3\/\"><strong>D\u00e9couvrir notre plateforme de nanoradioenhancers<\/strong><\/a><\/p>\t\t\t\t\t\t\t\t<\/div>\n\t\t\t\t<\/div>\n\t\t\t\t<\/div>\n\t\t<div class=\"elementor-element elementor-element-683de84 e-con-full e-flex e-con e-child\" data-id=\"683de84\" data-element_type=\"container\" data-e-type=\"container\">\n\t\t\t\t<div class=\"elementor-element elementor-element-2eee1d1 elementor-widget elementor-widget-image\" data-id=\"2eee1d1\" data-element_type=\"widget\" data-e-type=\"widget\" data-widget_type=\"image.default\">\n\t\t\t\t<div class=\"elementor-widget-container\">\n\t\t\t\t\t\t\t\t\t\t\t\t\t\t\t<img decoding=\"async\" width=\"672\" height=\"290\" data-src=\"https:\/\/nanobiotix.com\/wp-content\/uploads\/2023\/07\/Janssen-Logo.png\" class=\"attachment-full size-full wp-image-1615 lazyload\" alt=\"Janssen logo\" data-srcset=\"https:\/\/nanobiotix.com\/wp-content\/uploads\/2023\/07\/Janssen-Logo.png 672w, https:\/\/nanobiotix.com\/wp-content\/uploads\/2023\/07\/Janssen-Logo-18x8.png 18w\" data-sizes=\"auto\" src=\"data:image\/svg+xml;base64,PHN2ZyB3aWR0aD0iMSIgaGVpZ2h0PSIxIiB4bWxucz0iaHR0cDovL3d3dy53My5vcmcvMjAwMC9zdmciPjwvc3ZnPg==\" style=\"--smush-placeholder-width: 672px; --smush-placeholder-aspect-ratio: 672\/290;\" data-original-sizes=\"(max-width: 672px) 100vw, 672px\" \/>\t\t\t\t\t\t\t\t\t\t\t\t\t\t\t<\/div>\n\t\t\t\t<\/div>\n\t\t<div class=\"elementor-element elementor-element-2fff8d7 e-flex e-con-boxed e-con e-child\" data-id=\"2fff8d7\" data-element_type=\"container\" data-e-type=\"container\">\n\t\t\t\t\t<div class=\"e-con-inner\">\n\t\t\t\t<div class=\"elementor-element elementor-element-67d8bad elementor-widget elementor-widget-text-editor\" data-id=\"67d8bad\" data-element_type=\"widget\" data-e-type=\"widget\" data-widget_type=\"text-editor.default\">\n\t\t\t\t<div class=\"elementor-widget-container\">\n\t\t\t\t\t\t\t\t\t<p>Janssen, une entit\u00e9 du groupe Janssen Pharmaceutical Companies of Johnson &amp; Johnson, cr\u00e9e un avenir o\u00f9 la maladie appartient au pass\u00e9, travaillant sans rel\u00e2che pour faire de cet avenir une r\u00e9alit\u00e9 pour les patients du monde entier en combattant la maladie par la science, en am\u00e9liorant l'acc\u00e8s par l'ing\u00e9niosit\u00e9, et en gu\u00e9rissant le d\u00e9sespoir par le c\u0153ur. Nanobiotix s'associe \u00e0 Janssen pour le cod\u00e9veloppement et la commercialisation \u00e0 l'\u00e9chelle mondiale de NBTXR3.<\/p><p class=\"translation-block\"><span class=\"med-weight-text\">Pour en savoir plus, rendez-vous sur <a class=\"blue-link\" href=\"https:\/\/www.janssen.com\/\" target=\"_blank\" rel=\"noopener\">janssen.com<\/a><\/span><\/p>\t\t\t\t\t\t\t\t<\/div>\n\t\t\t\t<\/div>\n\t\t\t\t\t<\/div>\n\t\t\t\t<\/div>\n\t\t\t\t<\/div>\n\t\t<div class=\"elementor-element elementor-element-c83a3c0 e-con-full e-flex e-con e-child\" data-id=\"c83a3c0\" data-element_type=\"container\" data-e-type=\"container\">\n\t\t<div class=\"elementor-element elementor-element-df3f2bd e-flex e-con-boxed e-con e-child\" data-id=\"df3f2bd\" data-element_type=\"container\" data-e-type=\"container\">\n\t\t\t\t\t<div class=\"e-con-inner\">\n\t\t\t\t<div class=\"elementor-element elementor-element-4ab24ad elementor-widget elementor-widget-text-editor\" data-id=\"4ab24ad\" data-element_type=\"widget\" data-e-type=\"widget\" data-widget_type=\"text-editor.default\">\n\t\t\t\t<div class=\"elementor-widget-container\">\n\t\t\t\t\t\t\t\t\t<p>Le MD Anderson Cancer Center de l'Universit\u00e9 du Texas a pour mission d'\u00e9liminer le cancer au Texas, aux \u00c9tats-Unis et dans le monde gr\u00e2ce \u00e0 des programmes exceptionnels qui int\u00e8grent les soins aux patients, la recherche et la pr\u00e9vention, et l'\u00e9ducation des \u00e9tudiants de premier et deuxi\u00e8me cycles, des stagiaires, des professionnels, des employ\u00e9s et du public. Nanobiotix collabore avec le MD Anderson pour \u00e9tendre le d\u00e9veloppement de NBTXR3 \u00e0 diff\u00e9rentes tumeurs solides et en combinaison avec diff\u00e9rents agents anti-canc\u00e9reux, parall\u00e8lement aux \u00e9tudes men\u00e9es par l'entreprise.<\/p>\n<p class=\"translation-block\"><span class=\"med-weight-text\">Pour en savoir plus, rendez-vous sur <a class=\"blue-link\" href=\"https:\/\/www.mdanderson.org\/\" target=\"_blank\" rel=\"noopener\">mdanderson.org<\/a><\/span><\/p>\t\t\t\t\t\t\t\t<\/div>\n\t\t\t\t<\/div>\n\t\t\t\t\t<\/div>\n\t\t\t\t<\/div>\n\t\t\t\t<\/div>\n\t\t\t\t\t<\/div>\n\t\t\t\t<\/div>\n\t\t<div class=\"elementor-element elementor-element-58187b7 light-background e-flex e-con-boxed e-con e-parent\" data-id=\"58187b7\" data-element_type=\"container\" data-e-type=\"container\">\n\t\t\t\t\t<div class=\"e-con-inner\">\n\t\t\t\t<div class=\"elementor-element elementor-element-4fd3b0f elementor-widget__width-inherit elementor-widget elementor-widget-heading\" data-id=\"4fd3b0f\" data-element_type=\"widget\" data-e-type=\"widget\" data-widget_type=\"heading.default\">\n\t\t\t\t<div class=\"elementor-widget-container\">\n\t\t\t\t\t<h2 class=\"elementor-heading-title elementor-size-default\">Collaborations Curadigm<\/h2>\t\t\t\t<\/div>\n\t\t\t\t<\/div>\n\t\t<div class=\"elementor-element elementor-element-ffd64cf e-con-full e-flex e-con e-child\" data-id=\"ffd64cf\" data-element_type=\"container\" data-e-type=\"container\">\n\t\t\t\t<div class=\"elementor-element elementor-element-2ed8e56 elementor-widget elementor-widget-text-editor\" data-id=\"2ed8e56\" data-element_type=\"widget\" data-e-type=\"widget\" data-widget_type=\"text-editor.default\">\n\t\t\t\t<div class=\"elementor-widget-container\">\n\t\t\t\t\t\t\t\t\t<p><a href=\"\/fr\/our-science\/curadigm\/\"><strong>D\u00e9couvrir notre plateforme de nanoprimers Curadigm<\/strong><\/a><\/p>\t\t\t\t\t\t\t\t<\/div>\n\t\t\t\t<\/div>\n\t\t\t\t<\/div>\n\t\t<div class=\"elementor-element elementor-element-1738b00 e-con-full e-flex e-con e-child\" data-id=\"1738b00\" data-element_type=\"container\" data-e-type=\"container\">\n\t\t\t\t<div class=\"elementor-element elementor-element-b43b2a4 elementor-widget elementor-widget-image\" data-id=\"b43b2a4\" data-element_type=\"widget\" data-e-type=\"widget\" data-widget_type=\"image.default\">\n\t\t\t\t<div class=\"elementor-widget-container\">\n\t\t\t\t\t\t\t\t\t\t\t\t\t\t\t\t<a href=\"https:\/\/www.sanofi.com\/\" target=\"_blank\">\n\t\t\t\t\t\t\t<img decoding=\"async\" width=\"250\" height=\"65\" data-src=\"https:\/\/nanobiotix.com\/wp-content\/uploads\/2024\/11\/Sanofi-logo-2022.png\" class=\"attachment-large size-large wp-image-3306 lazyload\" alt=\"Sanofi logo\" data-srcset=\"https:\/\/nanobiotix.com\/wp-content\/uploads\/2024\/11\/Sanofi-logo-2022.png 250w, https:\/\/nanobiotix.com\/wp-content\/uploads\/2024\/11\/Sanofi-logo-2022-18x5.png 18w\" data-sizes=\"auto\" src=\"data:image\/svg+xml;base64,PHN2ZyB3aWR0aD0iMSIgaGVpZ2h0PSIxIiB4bWxucz0iaHR0cDovL3d3dy53My5vcmcvMjAwMC9zdmciPjwvc3ZnPg==\" style=\"--smush-placeholder-width: 250px; --smush-placeholder-aspect-ratio: 250\/65;\" data-original-sizes=\"(max-width: 250px) 100vw, 250px\" \/>\t\t\t\t\t\t\t\t<\/a>\n\t\t\t\t\t\t\t\t\t\t\t\t\t\t\t<\/div>\n\t\t\t\t<\/div>\n\t\t\t\t<\/div>\n\t\t<div class=\"elementor-element elementor-element-71d2935 e-con-full e-flex e-con e-child\" data-id=\"71d2935\" data-element_type=\"container\" data-e-type=\"container\">\n\t\t\t\t<div class=\"elementor-element elementor-element-5d9d6a7 elementor-widget elementor-widget-image\" data-id=\"5d9d6a7\" data-element_type=\"widget\" data-e-type=\"widget\" data-widget_type=\"image.default\">\n\t\t\t\t<div class=\"elementor-widget-container\">\n\t\t\t\t\t\t\t\t\t\t\t\t\t\t\t<img decoding=\"async\" width=\"242\" height=\"171\" data-src=\"https:\/\/nanobiotix.com\/wp-content\/uploads\/2024\/11\/NCL-logo.png\" class=\"attachment-large size-large wp-image-3307 lazyload\" alt=\"NCL logo\" data-srcset=\"https:\/\/nanobiotix.com\/wp-content\/uploads\/2024\/11\/NCL-logo.png 242w, https:\/\/nanobiotix.com\/wp-content\/uploads\/2024\/11\/NCL-logo-18x12.png 18w\" data-sizes=\"auto\" src=\"data:image\/svg+xml;base64,PHN2ZyB3aWR0aD0iMSIgaGVpZ2h0PSIxIiB4bWxucz0iaHR0cDovL3d3dy53My5vcmcvMjAwMC9zdmciPjwvc3ZnPg==\" style=\"--smush-placeholder-width: 242px; --smush-placeholder-aspect-ratio: 242\/171;\" data-original-sizes=\"(max-width: 242px) 100vw, 242px\" \/>\t\t\t\t\t\t\t\t\t\t\t\t\t\t\t<\/div>\n\t\t\t\t<\/div>\n\t\t\t\t<\/div>\n\t\t<div class=\"elementor-element elementor-element-9e38884 e-con-full e-flex e-con e-child\" data-id=\"9e38884\" data-element_type=\"container\" data-e-type=\"container\">\n\t\t\t\t<div class=\"elementor-element elementor-element-2d0fb2e elementor-widget elementor-widget-image\" data-id=\"2d0fb2e\" data-element_type=\"widget\" data-e-type=\"widget\" data-widget_type=\"image.default\">\n\t\t\t\t<div class=\"elementor-widget-container\">\n\t\t\t\t\t\t\t\t\t\t\t\t\t\t\t<img decoding=\"async\" width=\"314\" height=\"81\" data-src=\"https:\/\/nanobiotix.com\/wp-content\/uploads\/2024\/11\/antapodia-logo.png\" class=\"attachment-large size-large wp-image-3308 lazyload\" alt=\"antapodia logo\" data-srcset=\"https:\/\/nanobiotix.com\/wp-content\/uploads\/2024\/11\/antapodia-logo.png 314w, https:\/\/nanobiotix.com\/wp-content\/uploads\/2024\/11\/antapodia-logo-18x5.png 18w\" data-sizes=\"auto\" src=\"data:image\/svg+xml;base64,PHN2ZyB3aWR0aD0iMSIgaGVpZ2h0PSIxIiB4bWxucz0iaHR0cDovL3d3dy53My5vcmcvMjAwMC9zdmciPjwvc3ZnPg==\" style=\"--smush-placeholder-width: 314px; --smush-placeholder-aspect-ratio: 314\/81;\" data-original-sizes=\"(max-width: 314px) 100vw, 314px\" \/>\t\t\t\t\t\t\t\t\t\t\t\t\t\t\t<\/div>\n\t\t\t\t<\/div>\n\t\t\t\t<\/div>\n\t\t<div class=\"elementor-element elementor-element-b62766d e-con-full e-flex e-con e-child\" data-id=\"b62766d\" data-element_type=\"container\" data-e-type=\"container\">\n\t\t\t\t<div class=\"elementor-element elementor-element-8021add elementor-widget elementor-widget-image\" data-id=\"8021add\" data-element_type=\"widget\" data-e-type=\"widget\" data-widget_type=\"image.default\">\n\t\t\t\t<div class=\"elementor-widget-container\">\n\t\t\t\t\t\t\t\t\t\t\t\t\t\t\t\t<a href=\"https:\/\/www.mit.edu\/\" target=\"_blank\">\n\t\t\t\t\t\t\t<img decoding=\"async\" width=\"154\" height=\"35\" data-src=\"https:\/\/nanobiotix.com\/wp-content\/uploads\/2024\/12\/MIT-logo.svg\" class=\"attachment-full size-full wp-image-3582 lazyload\" alt=\"MIT Logo\" src=\"data:image\/svg+xml;base64,PHN2ZyB3aWR0aD0iMSIgaGVpZ2h0PSIxIiB4bWxucz0iaHR0cDovL3d3dy53My5vcmcvMjAwMC9zdmciPjwvc3ZnPg==\" style=\"--smush-placeholder-width: 154px; --smush-placeholder-aspect-ratio: 154\/35;\" \/>\t\t\t\t\t\t\t\t<\/a>\n\t\t\t\t\t\t\t\t\t\t\t\t\t\t\t<\/div>\n\t\t\t\t<\/div>\n\t\t\t\t<\/div>\n\t\t\t\t\t<\/div>\n\t\t\t\t<\/div>\n\t\t<div class=\"elementor-element elementor-element-090ade0 e-flex e-con-boxed e-con e-parent\" data-id=\"090ade0\" data-element_type=\"container\" data-e-type=\"container\">\n\t\t\t\t\t<div class=\"e-con-inner\">\n\t\t\t\t\t<\/div>\n\t\t\t\t<\/div>\n\t\t<div class=\"elementor-element elementor-element-ae1c6a9 light-background e-flex e-con-boxed e-con e-parent\" data-id=\"ae1c6a9\" data-element_type=\"container\" data-e-type=\"container\" data-settings=\"{&quot;background_background&quot;:&quot;classic&quot;}\">\n\t\t\t\t\t<div class=\"e-con-inner\">\n\t\t<div class=\"elementor-element elementor-element-7d66210 e-con-full e-flex e-con e-child\" data-id=\"7d66210\" data-element_type=\"container\" data-e-type=\"container\">\n\t\t\t\t<div class=\"elementor-element elementor-element-42284f2 elementor-widget elementor-widget-heading\" data-id=\"42284f2\" data-element_type=\"widget\" data-e-type=\"widget\" data-widget_type=\"heading.default\">\n\t\t\t\t<div class=\"elementor-widget-container\">\n\t\t\t\t\t<h2 class=\"elementor-heading-title elementor-size-default\">Construire pour le succ\u00e8s \u00e0 long terme<\/h2>\t\t\t\t<\/div>\n\t\t\t\t<\/div>\n\t\t\t\t<div class=\"elementor-element elementor-element-4d9a70e elementor-widget elementor-widget-text-editor\" data-id=\"4d9a70e\" data-element_type=\"widget\" data-e-type=\"widget\" data-widget_type=\"text-editor.default\">\n\t\t\t\t<div class=\"elementor-widget-container\">\n\t\t\t\t\t\t\t\t\t<p>Nous avons la conviction que NBTXR3 activ\u00e9 par radioth\u00e9rapie pourrait devenir la r\u00e9f\u00e9rence en mati\u00e8re de traitement des cancers. En 2019, NBTXR3 a obtenu l\u2019approbation de son premier marquage \u00ab CE \u00bb pour le traitement du sarcome des tissus mous localement avanc\u00e9 dans 27 pays europ\u00e9ens, sous la marque Hensify\u00ae. NBTXR3 fait actuellement l\u2019objet de 14 essais cliniques dans plusieurs indications diff\u00e9rentes, notamment le cancer de la t\u00eate et du cou, le cancer du poumon non \u00e0 petites cellules et le cancer du pancr\u00e9as.<\/p><p>Aujourd\u2019hui, nous consacrons principalement nos ressources \u00e0 la poursuite du d\u00e9veloppement mondial et \u00e0 l\u2019extension dans diff\u00e9rentes indications de NBTXR3. Nos essais cliniques mondiaux et la r\u00e9ussite de l\u2019extension dans diff\u00e9rentes indications d\u00e9montrent le potentiel de NBTXR3 sur tous les march\u00e9s, tandis que nos collaborations actuelles donnent \u00e0 notre produit phare la possibilit\u00e9 de parvenir jusqu'aux patients du monde entier souffrant d\u2019un cancer.<\/p><p>NANORAY-312, notre essai clinique de Phase 3 pour le HNSCC, poursuit son d\u00e9veloppement en s\u2019appuyant sur plusieurs sites actifs aux \u00c9tats-Unis, en Europe et en Asie. Nous restons mobilis\u00e9s pour \u00e9tendre le p\u00e9rim\u00e8tre de l\u2019essai, acc\u00e9l\u00e9rer le recrutement des patients et pr\u00e9parer la publication de nos rapports d\u2019\u00e9tape.<\/p>\t\t\t\t\t\t\t\t<\/div>\n\t\t\t\t<\/div>\n\t\t\t\t<\/div>\n\t\t\t\t\t<\/div>\n\t\t\t\t<\/div>\n\t\t\t\t<\/div>","protected":false},"excerpt":{"rendered":"<p>PARTNERS &amp; COLLABORATIONS French foundation, global reach At Nanobiotix, we collaborate with world-class partners to advance our range of disruptive, physics-based nanotherapeutics. At this time, we are focused on partnering with companies interested in leveraging our Curadigm Nanoprimer Platform to overcome the hurdles of rapid clearance, poor bioavailability, low target tissue accumulation, and\/or hepatotoxicity across [&hellip;]<\/p>\n","protected":false},"author":1,"featured_media":0,"parent":0,"menu_order":0,"comment_status":"closed","ping_status":"closed","template":"","meta":{"_acf_changed":false,"site-sidebar-layout":"no-sidebar","site-content-layout":"page-builder","ast-site-content-layout":"default","site-content-style":"default","site-sidebar-style":"default","ast-global-header-display":"","ast-banner-title-visibility":"","ast-main-header-display":"","ast-hfb-above-header-display":"","ast-hfb-below-header-display":"","ast-hfb-mobile-header-display":"","site-post-title":"disabled","ast-breadcrumbs-content":"","ast-featured-img":"disabled","footer-sml-layout":"","ast-disable-related-posts":"","theme-transparent-header-meta":"","adv-header-id-meta":"","stick-header-meta":"","header-above-stick-meta":"","header-main-stick-meta":"","header-below-stick-meta":"","astra-migrate-meta-layouts":"default","ast-page-background-enabled":"default","ast-page-background-meta":{"desktop":{"background-color":"var(--ast-global-color-4)","background-image":"","background-repeat":"repeat","background-position":"center center","background-size":"auto","background-attachment":"scroll","background-type":"","background-media":"","overlay-type":"","overlay-color":"","overlay-opacity":"","overlay-gradient":""},"tablet":{"background-color":"","background-image":"","background-repeat":"repeat","background-position":"center center","background-size":"auto","background-attachment":"scroll","background-type":"","background-media":"","overlay-type":"","overlay-color":"","overlay-opacity":"","overlay-gradient":""},"mobile":{"background-color":"","background-image":"","background-repeat":"repeat","background-position":"center center","background-size":"auto","background-attachment":"scroll","background-type":"","background-media":"","overlay-type":"","overlay-color":"","overlay-opacity":"","overlay-gradient":""}},"ast-content-background-meta":{"desktop":{"background-color":"var(--ast-global-color-5)","background-image":"","background-repeat":"repeat","background-position":"center center","background-size":"auto","background-attachment":"scroll","background-type":"","background-media":"","overlay-type":"","overlay-color":"","overlay-opacity":"","overlay-gradient":""},"tablet":{"background-color":"var(--ast-global-color-5)","background-image":"","background-repeat":"repeat","background-position":"center center","background-size":"auto","background-attachment":"scroll","background-type":"","background-media":"","overlay-type":"","overlay-color":"","overlay-opacity":"","overlay-gradient":""},"mobile":{"background-color":"var(--ast-global-color-5)","background-image":"","background-repeat":"repeat","background-position":"center center","background-size":"auto","background-attachment":"scroll","background-type":"","background-media":"","overlay-type":"","overlay-color":"","overlay-opacity":"","overlay-gradient":""}},"footnotes":""},"class_list":["post-32","page","type-page","status-publish","hentry"],"acf":[],"_links":{"self":[{"href":"https:\/\/nanobiotix.com\/fr\/wp-json\/wp\/v2\/pages\/32","targetHints":{"allow":["GET"]}}],"collection":[{"href":"https:\/\/nanobiotix.com\/fr\/wp-json\/wp\/v2\/pages"}],"about":[{"href":"https:\/\/nanobiotix.com\/fr\/wp-json\/wp\/v2\/types\/page"}],"author":[{"embeddable":true,"href":"https:\/\/nanobiotix.com\/fr\/wp-json\/wp\/v2\/users\/1"}],"replies":[{"embeddable":true,"href":"https:\/\/nanobiotix.com\/fr\/wp-json\/wp\/v2\/comments?post=32"}],"version-history":[{"count":0,"href":"https:\/\/nanobiotix.com\/fr\/wp-json\/wp\/v2\/pages\/32\/revisions"}],"wp:attachment":[{"href":"https:\/\/nanobiotix.com\/fr\/wp-json\/wp\/v2\/media?parent=32"}],"curies":[{"name":"wp","href":"https:\/\/api.w.org\/{rel}","templated":true}]}}