{"id":3077,"date":"2024-11-08T12:25:01","date_gmt":"2024-11-08T17:25:01","guid":{"rendered":"https:\/\/nanobiotix.com\/?page_id=3077"},"modified":"2024-11-08T12:28:32","modified_gmt":"2024-11-08T17:28:32","slug":"social-community-guidelines","status":"publish","type":"page","link":"https:\/\/nanobiotix.com\/fr\/social-community-guidelines\/","title":{"rendered":"R\u00e8gles de la communaut\u00e9 sur les r\u00e9seaux sociaux"},"content":{"rendered":"<div data-elementor-type=\"wp-page\" data-elementor-id=\"3077\" class=\"elementor elementor-3077\" data-elementor-post-type=\"page\">\n\t\t\t\t<div class=\"elementor-element elementor-element-3e18d17 hero e-flex e-con-boxed e-con e-parent\" data-id=\"3e18d17\" data-element_type=\"container\" data-e-type=\"container\" data-settings=\"{&quot;background_background&quot;:&quot;classic&quot;}\">\n\t\t\t\t\t<div class=\"e-con-inner\">\n\t\t<div class=\"elementor-element elementor-element-e2ef856 e-flex e-con-boxed e-con e-child\" data-id=\"e2ef856\" data-element_type=\"container\" data-e-type=\"container\">\n\t\t\t\t\t<div class=\"e-con-inner\">\n\t\t\t\t<div class=\"elementor-element elementor-element-1c9e758 elementor-widget elementor-widget-heading\" data-id=\"1c9e758\" data-element_type=\"widget\" data-e-type=\"widget\" data-widget_type=\"heading.default\">\n\t\t\t\t<div class=\"elementor-widget-container\">\n\t\t\t\t\t<h1 class=\"elementor-heading-title elementor-size-default\">R\u00e8gles de la communaut\u00e9 sur les r\u00e9seaux sociaux<\/h1>\t\t\t\t<\/div>\n\t\t\t\t<\/div>\n\t\t\t\t\t<\/div>\n\t\t\t\t<\/div>\n\t\t\t\t\t<\/div>\n\t\t\t\t<\/div>\n\t\t<div class=\"elementor-element elementor-element-e29f11d light-background e-flex e-con-boxed e-con e-parent\" data-id=\"e29f11d\" data-element_type=\"container\" data-e-type=\"container\">\n\t\t\t\t\t<div class=\"e-con-inner\">\n\t\t\t\t<div class=\"elementor-element elementor-element-3a1f6f9 elementor-widget elementor-widget-text-editor\" data-id=\"3a1f6f9\" data-element_type=\"widget\" data-e-type=\"widget\" data-widget_type=\"text-editor.default\">\n\t\t\t\t<div class=\"elementor-widget-container\">\n\t\t\t\t\t\t\t\t\t<p>Bienvenue au sein de la Communaut\u00e9 Nanobiotix ! Nos canaux de m\u00e9dias sociaux \u2014 y compris LinkedIn et Twitter \u2014 sont l\u00e0 pour \u00e9tablir un lien avec vous, partager des mises \u00e0 jour sur notre entreprise et engager des discussions sur notre travail innovant.<\/p><p>Chez Nanobiotix, nous valorisons une communication informative avec notre audience. En parall\u00e8le, nous devons veiller \u00e0 respecter les lois et les normes \u00e9thiques qui r\u00e9gissent nos activit\u00e9s. Veuillez garder \u00e0 l'esprit que les commentaires et r\u00e9ponses sur nos canaux qui ne sont pas publi\u00e9s par nous proviennent du public. Le contenu de ces commentaires (y compris les opinions et d\u00e9clarations) ne refl\u00e8te pas n\u00e9cessairement les points de vue du site de m\u00e9dias sociaux ou de son propri\u00e9taire, et rel\u00e8ve de la responsabilit\u00e9 des individus qui les publient.<\/p><p>En raison des lois et r\u00e9glementations en vigueur, Nanobiotix peut \u00eatre amen\u00e9 \u00e0 supprimer des commentaires et\/ou d\u2019autres informations ou retours publi\u00e9s par les utilisateurs sur nos plateformes de m\u00e9dias sociaux s\u2019ils ne respectent pas ces Lignes Directrices Communautaires. Nous pouvons mettre \u00e0 jour ces Lignes Directrices Communautaires \u00e0 tout moment ; merci de les consulter p\u00e9riodiquement pour prendre connaissance des derni\u00e8res directives.<\/p><h2>Pertinence des Contenus et Importance du Respect<\/h2><p>Nous souhaitons que tous les visiteurs de notre communaut\u00e9 soient trait\u00e9s avec respect et se sentent bienvenus au sein de la communaut\u00e9 Nanobiotix. Nous encourageons et appr\u00e9cions vos commentaires et retours, \u00e0 condition que vous exprimiez votre point de vue de mani\u00e8re respectueuse envers notre communaut\u00e9 et nous, et que vous n\u2019adoptiez pas un ton inappropri\u00e9, non pertinent, abusif, harcelant, diffamatoire, obsc\u00e8ne, ou de promotion\/sollicitation de sites tiers, d'initiatives ou de produits. Tout message ne respectant pas ces lignes directrices sera supprim\u00e9.<\/p><p>En tant qu'entreprise publique dans le secteur biopharmaceutique, nous sommes r\u00e9gul\u00e9s par le GMED, la FDA et d\u2019autres agences gouvernementales et r\u00e9glementaires. Nous pouvons \u00eatre amen\u00e9s \u00e0 supprimer toute discussion concernant un produit, approuv\u00e9 ou non, positif ou n\u00e9gatif, qui concerne un produit Nanobiotix ou d\u2019une autre entreprise, si nous ne pouvons garantir que la discussion contiendra les informations appropri\u00e9es, comme l\u2019exigent le GMED, la FDA et d\u2019autres agences. De plus, il nous est interdit de discuter de produits non approuv\u00e9s ou d\u2019utilisations non conformes de ces produits, qu\u2019ils soient de Nanobiotix ou d'une autre entreprise.<\/p><h2>Contenu Non Pertinent<\/h2><p>Les sujets consid\u00e9r\u00e9s comme non pertinent pour la communaut\u00e9 Nanobiotix incluent :<\/p><ul><li>Propri\u00e9t\u00e9 intellectuelle ou informations non publiques de tiers, ou tout logo ou marque d\u00e9pos\u00e9e, sauf autorisation expresse des propri\u00e9taires de cette propri\u00e9t\u00e9 intellectuelle ou information ;<\/li><li>Information plagi\u00e9e d\u2019une autre source ;<\/li><li>Photos\/vid\u00e9os de personnes qui n\u2019ont pas donn\u00e9 leur autorisation pour \u00eatre repr\u00e9sent\u00e9es ;<\/li><li>Information contenant des donn\u00e9es personnelles, telles que num\u00e9ro de t\u00e9l\u00e9phone, adresse, e-mail, date de naissance ou condition m\u00e9dicale ;<\/li><li>Commentaires inappropri\u00e9s ou insinuations sur nos concurrents (par exemple, commentaires d\u00e9sobligeants ou d\u00e9clarations sur leurs produits) ;<\/li><li>Information fausse, inexacte ou trompeuse ;<\/li><li>Calomnie, diffamation, menaces ou commentaires d\u00e9plac\u00e9s ou \u00ab douteux \u00bb ;<\/li><li>Texte, images ou photos obsc\u00e8nes, vulgaires, choquantes, offensantes, provocantes ou pornographiques, ou contenant des signes de gangs, des symboles d\u2019armes, de la propagande politique ou religieuse, des repr\u00e9sentations d\u2019abus d\u2019alcool ou de drogues, ou promouvant une activit\u00e9 ill\u00e9gale de quelque nature que ce soit ;<\/li><li>Publicit\u00e9 pour ou liens vers d\u2019autres sites\/produits, ou spam ;<\/li><li>Virus informatiques, chevaux de Troie, ou tout autre code ou fichier informatique destin\u00e9 \u00e0 perturber, endommager ou limiter le fonctionnement de tout logiciel, mat\u00e9riel, \u00e9quipement de t\u00e9l\u00e9communication, ou qui interf\u00e8re avec le fonctionnement du site de m\u00e9dias sociaux.<\/li><\/ul><h2>Conseils M\u00e9dicaux<\/h2><p>Les canaux de m\u00e9dias sociaux Nanobiotix ne sont pas l\u2019endroit id\u00e9al pour rechercher des informations ou des conseils concernant votre sant\u00e9 ou condition m\u00e9dicale, ni pour partager ces informations avec d\u2019autres. La meilleure personne pour discuter de votre sant\u00e9 ou condition m\u00e9dicale est votre professionnel de sant\u00e9. Nanobiotix ne pratique pas la m\u00e9decine et ne fournit ni services ni conseils m\u00e9dicaux. Aucun contenu pr\u00e9sent sur nos plateformes de m\u00e9dias sociaux ne constitue, ni n\u2019est destin\u00e9 \u00e0 constituer un avis m\u00e9dical.<\/p><p>Si vous avez des questions ou des pr\u00e9occupations concernant un produit candidat Nanobiotix en cours de d\u00e9veloppement clinique, notamment un effet secondaire, un \u00e9v\u00e9nement ind\u00e9sirable ou une plainte concernant le produit, consultez rapidement votre m\u00e9decin ou investigateur. Vous pouvez \u00e9galement envoyer un e-mail \u00e0 <a href=\"mailto:medinfo@nanobiotix.com\">medinfo@nanobiotix.com<\/a>.<\/p><h2>Possibilit\u00e9 d\u2019Utilisation des Publications<\/h2><p>En publiant sur nos canaux de m\u00e9dias sociaux, vous comprenez que vos publications, ainsi que toute id\u00e9e ou technique qu'elles contiennent, peuvent \u00eatre librement utilis\u00e9es par nous, de quelque mani\u00e8re que ce soit et sur tout support, y compris sur ce forum, sur nos autres sites Web et pages de m\u00e9dias sociaux, et dans nos activit\u00e9s professionnelles. De ce fait, ne soumettez aucune id\u00e9e ou mat\u00e9riel que vous souhaitez garder confidentiel ou pour lequel vous attendez une compensation. En outre, lorsque vous publiez sur l'un de nos canaux de m\u00e9dias sociaux, votre nom, votre image et votre pseudonyme seront visibles et associ\u00e9s \u00e0 votre publication et, si nous r\u00e9utilisons votre publication ailleurs, nous pourrions afficher votre nom, image et pseudonyme \u00e9galement.<\/p><h2>Autres Situations<\/h2><p>Il se peut que Nanobiotix soit amen\u00e9 \u00e0 supprimer d\u2019autres contenus que vous avez publi\u00e9s sur nos plateformes de m\u00e9dias sociaux. Nanobiotix se r\u00e9serve le droit de supprimer toute information qui, selon nous, compromet l'int\u00e9grit\u00e9 et l'intention de notre communaut\u00e9. Tous les participants sur nos plateformes de m\u00e9dias sociaux doivent respecter les Lignes Directrices Communautaires de Nanobiotix.<\/p><p>Merci de faire partie de la Communaut\u00e9 Nanobiotix. Si vous avez des questions ou pr\u00e9occupations au sujet de ces Lignes Directrices Communautaires, veuillez nous contacter via notre site <a href=\"\/fr\/contact\/\">Web<\/a>.<\/p>\t\t\t\t\t\t\t\t<\/div>\n\t\t\t\t<\/div>\n\t\t\t\t\t<\/div>\n\t\t\t\t<\/div>\n\t\t\t\t<\/div>","protected":false},"excerpt":{"rendered":"<p>Social Community Guidelines Welcome to the Nanobiotix Community! Our social media channels\u2014including LinkedIn and Twitter \u2014are here to connect with you, share updates about our company, and engage in conversations about the innovative work we do. At Nanobiotix, we value informative communication with our audience. At the same time, we need to ensure we comply [&hellip;]<\/p>\n","protected":false},"author":1,"featured_media":0,"parent":0,"menu_order":0,"comment_status":"closed","ping_status":"closed","template":"","meta":{"_acf_changed":false,"site-sidebar-layout":"no-sidebar","site-content-layout":"page-builder","ast-site-content-layout":"full-width-container","site-content-style":"default","site-sidebar-style":"default","ast-global-header-display":"","ast-banner-title-visibility":"","ast-main-header-display":"","ast-hfb-above-header-display":"","ast-hfb-below-header-display":"","ast-hfb-mobile-header-display":"","site-post-title":"disabled","ast-breadcrumbs-content":"","ast-featured-img":"disabled","footer-sml-layout":"","ast-disable-related-posts":"","theme-transparent-header-meta":"","adv-header-id-meta":"","stick-header-meta":"","header-above-stick-meta":"","header-main-stick-meta":"","header-below-stick-meta":"","astra-migrate-meta-layouts":"set","ast-page-background-enabled":"default","ast-page-background-meta":{"desktop":{"background-color":"var(--ast-global-color-4)","background-image":"","background-repeat":"repeat","background-position":"center center","background-size":"auto","background-attachment":"scroll","background-type":"","background-media":"","overlay-type":"","overlay-color":"","overlay-opacity":"","overlay-gradient":""},"tablet":{"background-color":"","background-image":"","background-repeat":"repeat","background-position":"center center","background-size":"auto","background-attachment":"scroll","background-type":"","background-media":"","overlay-type":"","overlay-color":"","overlay-opacity":"","overlay-gradient":""},"mobile":{"background-color":"","background-image":"","background-repeat":"repeat","background-position":"center center","background-size":"auto","background-attachment":"scroll","background-type":"","background-media":"","overlay-type":"","overlay-color":"","overlay-opacity":"","overlay-gradient":""}},"ast-content-background-meta":{"desktop":{"background-color":"var(--ast-global-color-5)","background-image":"","background-repeat":"repeat","background-position":"center center","background-size":"auto","background-attachment":"scroll","background-type":"","background-media":"","overlay-type":"","overlay-color":"","overlay-opacity":"","overlay-gradient":""},"tablet":{"background-color":"var(--ast-global-color-5)","background-image":"","background-repeat":"repeat","background-position":"center center","background-size":"auto","background-attachment":"scroll","background-type":"","background-media":"","overlay-type":"","overlay-color":"","overlay-opacity":"","overlay-gradient":""},"mobile":{"background-color":"var(--ast-global-color-5)","background-image":"","background-repeat":"repeat","background-position":"center center","background-size":"auto","background-attachment":"scroll","background-type":"","background-media":"","overlay-type":"","overlay-color":"","overlay-opacity":"","overlay-gradient":""}},"footnotes":""},"class_list":["post-3077","page","type-page","status-publish","hentry"],"acf":[],"_links":{"self":[{"href":"https:\/\/nanobiotix.com\/fr\/wp-json\/wp\/v2\/pages\/3077","targetHints":{"allow":["GET"]}}],"collection":[{"href":"https:\/\/nanobiotix.com\/fr\/wp-json\/wp\/v2\/pages"}],"about":[{"href":"https:\/\/nanobiotix.com\/fr\/wp-json\/wp\/v2\/types\/page"}],"author":[{"embeddable":true,"href":"https:\/\/nanobiotix.com\/fr\/wp-json\/wp\/v2\/users\/1"}],"replies":[{"embeddable":true,"href":"https:\/\/nanobiotix.com\/fr\/wp-json\/wp\/v2\/comments?post=3077"}],"version-history":[{"count":0,"href":"https:\/\/nanobiotix.com\/fr\/wp-json\/wp\/v2\/pages\/3077\/revisions"}],"wp:attachment":[{"href":"https:\/\/nanobiotix.com\/fr\/wp-json\/wp\/v2\/media?parent=3077"}],"curies":[{"name":"wp","href":"https:\/\/api.w.org\/{rel}","templated":true}]}}