{"id":28,"date":"2023-05-25T22:43:04","date_gmt":"2023-05-26T02:43:04","guid":{"rendered":"https:\/\/nanobiotix.com\/?page_id=28"},"modified":"2024-12-06T14:21:34","modified_gmt":"2024-12-06T19:21:34","slug":"our-science","status":"publish","type":"page","link":"https:\/\/nanobiotix.com\/fr\/our-science\/","title":{"rendered":"Technologie"},"content":{"rendered":"<div data-elementor-type=\"wp-page\" data-elementor-id=\"28\" class=\"elementor elementor-28\" data-elementor-post-type=\"page\">\n\t\t\t\t<div class=\"elementor-element elementor-element-3bd2ddba hero e-flex e-con-boxed e-con e-parent\" data-id=\"3bd2ddba\" data-element_type=\"container\" data-e-type=\"container\" data-settings=\"{&quot;background_background&quot;:&quot;classic&quot;}\">\n\t\t\t\t\t<div class=\"e-con-inner\">\n\t\t<div class=\"elementor-element elementor-element-384b6407 e-flex e-con-boxed e-con e-child\" data-id=\"384b6407\" data-element_type=\"container\" data-e-type=\"container\">\n\t\t\t\t\t<div class=\"e-con-inner\">\n\t\t\t\t<div class=\"elementor-element elementor-element-6cd0501d elementor-widget elementor-widget-heading\" data-id=\"6cd0501d\" data-element_type=\"widget\" data-e-type=\"widget\" data-widget_type=\"heading.default\">\n\t\t\t\t<div class=\"elementor-widget-container\">\n\t\t\t\t\t<h1 class=\"elementor-heading-title elementor-size-default\">Notre technologie<\/h1>\t\t\t\t<\/div>\n\t\t\t\t<\/div>\n\t\t\t\t<div class=\"elementor-element elementor-element-172e09c0 elementor-absolute elementor-widget elementor-widget-image\" data-id=\"172e09c0\" data-element_type=\"widget\" data-e-type=\"widget\" data-settings=\"{&quot;_position&quot;:&quot;absolute&quot;}\" data-no-translation=\"\" data-widget_type=\"image.default\">\n\t\t\t\t<div class=\"elementor-widget-container\">\n\t\t\t\t\t<style>.elementor-element-172e09c0{display:none !important}<\/style>\t\t\t\t<\/div>\n\t\t\t\t<\/div>\n\t\t\t\t<div class=\"elementor-element elementor-element-4aa28cd elementor-absolute elementor-widget elementor-widget-image\" data-id=\"4aa28cd\" data-element_type=\"widget\" data-e-type=\"widget\" data-settings=\"{&quot;_position&quot;:&quot;absolute&quot;}\" data-no-translation=\"\" data-widget_type=\"image.default\">\n\t\t\t\t<div class=\"elementor-widget-container\">\n\t\t\t\t\t\t\t\t\t\t\t\t\t\t\t<img fetchpriority=\"high\" decoding=\"async\" width=\"2056\" height=\"168\" src=\"https:\/\/nanobiotix.com\/wp-content\/uploads\/2023\/08\/notre-technologie-type-texture-hero.png\" class=\"attachment-full size-full wp-image-2221\" alt=\"notre technologie -type texture - hero\" srcset=\"https:\/\/nanobiotix.com\/wp-content\/uploads\/2023\/08\/notre-technologie-type-texture-hero.png 2056w, https:\/\/nanobiotix.com\/wp-content\/uploads\/2023\/08\/notre-technologie-type-texture-hero-768x63.png 768w, https:\/\/nanobiotix.com\/wp-content\/uploads\/2023\/08\/notre-technologie-type-texture-hero-1536x126.png 1536w, https:\/\/nanobiotix.com\/wp-content\/uploads\/2023\/08\/notre-technologie-type-texture-hero-2048x167.png 2048w, https:\/\/nanobiotix.com\/wp-content\/uploads\/2023\/08\/notre-technologie-type-texture-hero-18x1.png 18w\" sizes=\"(max-width: 2056px) 100vw, 2056px\" \/>\t\t\t\t\t\t\t\t\t\t\t\t\t\t\t<\/div>\n\t\t\t\t<\/div>\n\t\t\t\t\t<\/div>\n\t\t\t\t<\/div>\n\t\t\t\t\t<\/div>\n\t\t\t\t<\/div>\n\t\t<div class=\"elementor-element elementor-element-d4f3090 e-flex e-con-boxed e-con e-parent\" data-id=\"d4f3090\" data-element_type=\"container\" data-e-type=\"container\" data-settings=\"{&quot;background_background&quot;:&quot;classic&quot;}\">\n\t\t\t\t\t<div class=\"e-con-inner\">\n\t\t<div class=\"elementor-element elementor-element-286ec64 e-con-full e-flex e-con e-child\" data-id=\"286ec64\" data-element_type=\"container\" data-e-type=\"container\">\n\t\t\t\t<div class=\"elementor-element elementor-element-580ae14 elementor-widget elementor-widget-heading\" data-id=\"580ae14\" data-element_type=\"widget\" data-e-type=\"widget\" data-widget_type=\"heading.default\">\n\t\t\t\t<div class=\"elementor-widget-container\">\n\t\t\t\t\t<h2 class=\"elementor-heading-title elementor-size-default\">Cr\u00e9er des th\u00e9rapies au-del\u00e0 de la biologie <\/h2>\t\t\t\t<\/div>\n\t\t\t\t<\/div>\n\t\t\t\t<div class=\"elementor-element elementor-element-f99b731 elementor-widget elementor-widget-text-editor\" data-id=\"f99b731\" data-element_type=\"widget\" data-e-type=\"widget\" data-widget_type=\"text-editor.default\">\n\t\t\t\t<div class=\"elementor-widget-container\">\n\t\t\t\t\t\t\t\t\t<p>Aujourd\u2019hui, l\u2019essentiel de l\u2019innovation th\u00e9rapeutique d\u00e9pend essentiellement de la biologie, unique \u00e0 chaque patient. Ainsi, de nombreux nouveaux traitements se limitent souvent \u00e0 de petits groupes de patients aux caract\u00e9ristiques similaires.<\/p><p><span class=\"med-text\">Alors, pourquoi ne pas imaginer une innovation r\u00e9volutionnaire, con\u00e7ue pour le plus grand nombre et non pour une minorit\u00e9 ?<\/span><\/p><p>Les lois universelles de la physique nous permettent de mettre au point des nanoth\u00e9rapies capables de transcender les limites des th\u00e9rapies fond\u00e9es sur des principes biologiques. Gr\u00e2ce \u00e0 cette approche, non seulement l\u2019impact th\u00e9rapeutique est plus large, mais nos innovations sont rapidement adaptables et transposables \u00e0 plus grande \u00e9chelle, au b\u00e9n\u00e9fice d\u2019un large \u00e9ventail de patients atteints de diff\u00e9rents types de maladies.<\/p>\t\t\t\t\t\t\t\t<\/div>\n\t\t\t\t<\/div>\n\t\t\t\t<div class=\"elementor-element elementor-element-454a73f elementor-widget elementor-widget-button\" data-id=\"454a73f\" data-element_type=\"widget\" data-e-type=\"widget\" data-widget_type=\"button.default\">\n\t\t\t\t<div class=\"elementor-widget-container\">\n\t\t\t\t\t\t\t\t\t<div class=\"elementor-button-wrapper\">\n\t\t\t\t\t<a class=\"elementor-button elementor-button-link elementor-size-sm\" href=\"https:\/\/nanobiotix.com\/fr\/media-publications\/\">\n\t\t\t\t\t\t<span class=\"elementor-button-content-wrapper\">\n\t\t\t\t\t\t\t\t\t<span class=\"elementor-button-text\">Nos publications<\/span>\n\t\t\t\t\t<\/span>\n\t\t\t\t\t<\/a>\n\t\t\t\t<\/div>\n\t\t\t\t\t\t\t\t<\/div>\n\t\t\t\t<\/div>\n\t\t\t\t<\/div>\n\t\t\t\t\t<\/div>\n\t\t\t\t<\/div>\n\t\t<div class=\"elementor-element elementor-element-8ed0d8e light-background e-con-full e-flex e-con e-parent\" data-id=\"8ed0d8e\" data-element_type=\"container\" data-e-type=\"container\" data-settings=\"{&quot;background_background&quot;:&quot;classic&quot;}\">\n\t\t<div class=\"elementor-element elementor-element-3f97cde e-flex e-con-boxed e-con e-child\" data-id=\"3f97cde\" data-element_type=\"container\" data-e-type=\"container\">\n\t\t\t\t\t<div class=\"e-con-inner\">\n\t\t\t\t<div class=\"elementor-element elementor-element-6ad981b elementor-widget__width-inherit elementor-widget elementor-widget-heading\" data-id=\"6ad981b\" data-element_type=\"widget\" data-e-type=\"widget\" data-widget_type=\"heading.default\">\n\t\t\t\t<div class=\"elementor-widget-container\">\n\t\t\t\t\t<h2 class=\"elementor-heading-title elementor-size-default\">Principaux avantages de notre approche des nanoth\u00e9rapies fond\u00e9es sur la physique<\/h2>\t\t\t\t<\/div>\n\t\t\t\t<\/div>\n\t\t<div class=\"elementor-element elementor-element-1c2f1c0 e-con-full quote-name e-flex e-con e-child\" data-id=\"1c2f1c0\" data-element_type=\"container\" data-e-type=\"container\" data-settings=\"{&quot;background_background&quot;:&quot;classic&quot;}\">\n\t\t\t\t<div class=\"elementor-element elementor-element-2976255 elementor-widget elementor-widget-image\" data-id=\"2976255\" data-element_type=\"widget\" data-e-type=\"widget\" data-widget_type=\"image.default\">\n\t\t\t\t<div class=\"elementor-widget-container\">\n\t\t\t\t\t\t\t\t\t\t\t\t\t\t\t<img decoding=\"async\" data-src=\"https:\/\/nanobiotix.com\/wp-content\/uploads\/2024\/11\/icon-predict-repeat.svg\" class=\"attachment-full size-full wp-image-3260 lazyload\" alt=\"icon - predict repeat\" src=\"data:image\/svg+xml;base64,PHN2ZyB3aWR0aD0iMSIgaGVpZ2h0PSIxIiB4bWxucz0iaHR0cDovL3d3dy53My5vcmcvMjAwMC9zdmciPjwvc3ZnPg==\" \/>\t\t\t\t\t\t\t\t\t\t\t\t\t\t\t<\/div>\n\t\t\t\t<\/div>\n\t\t\t\t<div class=\"elementor-element elementor-element-44db2fe no-bot-margin elementor-widget elementor-widget-text-editor\" data-id=\"44db2fe\" data-element_type=\"widget\" data-e-type=\"widget\" data-widget_type=\"text-editor.default\">\n\t\t\t\t<div class=\"elementor-widget-container\">\n\t\t\t\t\t\t\t\t\t<p><span class=\"reg-text\">01<\/span><br \/>Nanoparticules con\u00e7ues pour produire des effets th\u00e9rapeutiques sp\u00e9cifiques, pr\u00e9visibles et reproductibles<\/p>\t\t\t\t\t\t\t\t<\/div>\n\t\t\t\t<\/div>\n\t\t\t\t<\/div>\n\t\t<div class=\"elementor-element elementor-element-61b563c e-con-full quote-name e-flex e-con e-child\" data-id=\"61b563c\" data-element_type=\"container\" data-e-type=\"container\" data-settings=\"{&quot;background_background&quot;:&quot;classic&quot;}\">\n\t\t\t\t<div class=\"elementor-element elementor-element-080708f elementor-widget elementor-widget-image\" data-id=\"080708f\" data-element_type=\"widget\" data-e-type=\"widget\" data-widget_type=\"image.default\">\n\t\t\t\t<div class=\"elementor-widget-container\">\n\t\t\t\t\t\t\t\t\t\t\t\t\t\t\t<img decoding=\"async\" data-src=\"https:\/\/nanobiotix.com\/wp-content\/uploads\/2024\/11\/icon-within-body.svg\" class=\"attachment-full size-full wp-image-3274 lazyload\" alt=\"icon - within body\" src=\"data:image\/svg+xml;base64,PHN2ZyB3aWR0aD0iMSIgaGVpZ2h0PSIxIiB4bWxucz0iaHR0cDovL3d3dy53My5vcmcvMjAwMC9zdmciPjwvc3ZnPg==\" \/>\t\t\t\t\t\t\t\t\t\t\t\t\t\t\t<\/div>\n\t\t\t\t<\/div>\n\t\t\t\t<div class=\"elementor-element elementor-element-848af1d no-bot-margin elementor-widget elementor-widget-text-editor\" data-id=\"848af1d\" data-element_type=\"widget\" data-e-type=\"widget\" data-widget_type=\"text-editor.default\">\n\t\t\t\t<div class=\"elementor-widget-container\">\n\t\t\t\t\t\t\t\t\t<p><span class=\"reg-text\">02<\/span><br \/>La r\u00e9ponse, les effets et l\u2019activit\u00e9 contre la maladie est ind\u00e9pendante de la biologie du patient<\/p>\t\t\t\t\t\t\t\t<\/div>\n\t\t\t\t<\/div>\n\t\t\t\t<\/div>\n\t\t<div class=\"elementor-element elementor-element-2421c76 e-con-full quote-name e-flex e-con e-child\" data-id=\"2421c76\" data-element_type=\"container\" data-e-type=\"container\" data-settings=\"{&quot;background_background&quot;:&quot;classic&quot;}\">\n\t\t\t\t<div class=\"elementor-element elementor-element-b5a68b0 elementor-widget elementor-widget-image\" data-id=\"b5a68b0\" data-element_type=\"widget\" data-e-type=\"widget\" data-widget_type=\"image.default\">\n\t\t\t\t<div class=\"elementor-widget-container\">\n\t\t\t\t\t\t\t\t\t\t\t\t\t\t\t<img decoding=\"async\" width=\"121\" height=\"112\" data-src=\"https:\/\/nanobiotix.com\/wp-content\/uploads\/2024\/11\/icon-scalable.svg\" class=\"attachment-full size-full wp-image-3275 lazyload\" alt=\"icon - scalable\" src=\"data:image\/svg+xml;base64,PHN2ZyB3aWR0aD0iMSIgaGVpZ2h0PSIxIiB4bWxucz0iaHR0cDovL3d3dy53My5vcmcvMjAwMC9zdmciPjwvc3ZnPg==\" style=\"--smush-placeholder-width: 121px; --smush-placeholder-aspect-ratio: 121\/112;\" \/>\t\t\t\t\t\t\t\t\t\t\t\t\t\t\t<\/div>\n\t\t\t\t<\/div>\n\t\t\t\t<div class=\"elementor-element elementor-element-b4d9dc4 no-bot-margin elementor-widget elementor-widget-text-editor\" data-id=\"b4d9dc4\" data-element_type=\"widget\" data-e-type=\"widget\" data-widget_type=\"text-editor.default\">\n\t\t\t\t<div class=\"elementor-widget-container\">\n\t\t\t\t\t\t\t\t\t<p><span class=\"reg-text\">03<\/span><br \/>Extensible \u00e0 un large \u00e9ventail de patients et de types de maladies<\/p>\t\t\t\t\t\t\t\t<\/div>\n\t\t\t\t<\/div>\n\t\t\t\t<\/div>\n\t\t\t\t\t<\/div>\n\t\t\t\t<\/div>\n\t\t\t\t<div class=\"elementor-element elementor-element-5b27ee2 elementor-widget elementor-widget-image\" data-id=\"5b27ee2\" data-element_type=\"widget\" data-e-type=\"widget\" data-widget_type=\"image.default\">\n\t\t\t\t<div class=\"elementor-widget-container\">\n\t\t\t\t\t\t\t\t\t\t\t\t\t\t\t<img decoding=\"async\" data-src=\"https:\/\/nanobiotix.com\/wp-content\/uploads\/2024\/11\/bottom-left-glyph.svg\" class=\"attachment-large size-large wp-image-3270 lazyload\" alt=\"background glyph\" src=\"data:image\/svg+xml;base64,PHN2ZyB3aWR0aD0iMSIgaGVpZ2h0PSIxIiB4bWxucz0iaHR0cDovL3d3dy53My5vcmcvMjAwMC9zdmciPjwvc3ZnPg==\" \/>\t\t\t\t\t\t\t\t\t\t\t\t\t\t\t<\/div>\n\t\t\t\t<\/div>\n\t\t\t\t<\/div>\n\t\t<div class=\"elementor-element elementor-element-3369ba8 e-flex e-con-boxed e-con e-parent\" data-id=\"3369ba8\" data-element_type=\"container\" data-e-type=\"container\" data-settings=\"{&quot;background_background&quot;:&quot;classic&quot;}\">\n\t\t\t\t\t<div class=\"e-con-inner\">\n\t\t\t\t<div class=\"elementor-element elementor-element-c1ebd91 elementor-widget__width-inherit elementor-widget elementor-widget-heading\" data-id=\"c1ebd91\" data-element_type=\"widget\" data-e-type=\"widget\" data-widget_type=\"heading.default\">\n\t\t\t\t<div class=\"elementor-widget-container\">\n\t\t\t\t\t<h2 class=\"elementor-heading-title elementor-size-default\">Our therapeutic candidates<\/h2>\t\t\t\t<\/div>\n\t\t\t\t<\/div>\n\t\t<div class=\"elementor-element elementor-element-f510cac e-con-full e-flex e-con e-child\" data-id=\"f510cac\" data-element_type=\"container\" data-e-type=\"container\">\n\t\t\t\t<div class=\"elementor-element elementor-element-23a288c no-bot-margin elementor-widget elementor-widget-text-editor\" data-id=\"23a288c\" data-element_type=\"widget\" data-e-type=\"widget\" data-widget_type=\"text-editor.default\">\n\t\t\t\t<div class=\"elementor-widget-container\">\n\t\t\t\t\t\t\t\t\t<h3>NBTXR3<\/h3><p><span class=\"med-text\">Un nanoradioenhancer con\u00e7u pour aider des millions de patients atteints d\u2019un cancer dans le monde chaque ann\u00e9e<\/span><\/p><p>NBTXR3 est le premier produit de notre plateforme de nanoradioenhancers avec un potentiel th\u00e9rapeutique dans toutes les tumeurs solides pouvant \u00eatre trait\u00e9es par radioth\u00e9rapie.<\/p>\t\t\t\t\t\t\t\t<\/div>\n\t\t\t\t<\/div>\n\t\t\t\t<div class=\"elementor-element elementor-element-872b50e elementor-widget elementor-widget-button\" data-id=\"872b50e\" data-element_type=\"widget\" data-e-type=\"widget\" data-widget_type=\"button.default\">\n\t\t\t\t<div class=\"elementor-widget-container\">\n\t\t\t\t\t\t\t\t\t<div class=\"elementor-button-wrapper\">\n\t\t\t\t\t<a class=\"elementor-button elementor-button-link elementor-size-sm\" href=\"\/fr\/our-science\/nbtxr3\/\">\n\t\t\t\t\t\t<span class=\"elementor-button-content-wrapper\">\n\t\t\t\t\t\t\t\t\t<span class=\"elementor-button-text\">En savoir plus sur NBTXR3<\/span>\n\t\t\t\t\t<\/span>\n\t\t\t\t\t<\/a>\n\t\t\t\t<\/div>\n\t\t\t\t\t\t\t\t<\/div>\n\t\t\t\t<\/div>\n\t\t\t\t<\/div>\n\t\t<div class=\"elementor-element elementor-element-e930517 e-con-full e-flex e-con e-child\" data-id=\"e930517\" data-element_type=\"container\" data-e-type=\"container\">\n\t\t\t\t<div class=\"elementor-element elementor-element-9de26f6 no-bot-margin elementor-widget elementor-widget-text-editor\" data-id=\"9de26f6\" data-element_type=\"widget\" data-e-type=\"widget\" data-widget_type=\"text-editor.default\">\n\t\t\t\t<div class=\"elementor-widget-container\">\n\t\t\t\t\t\t\t\t\t<h3>Plateforme Curadigm<\/h3><p><span class=\"med-text\">Red\u00e9finir la conception et le d\u00e9veloppement des m\u00e9dicaments<\/span><\/p><p>Notre plateforme Curadigm s\u2019appuie sur une nanotechnologie de pointe pour red\u00e9finir la conception et le d\u00e9veloppement de nombreuses th\u00e9rapies innovantes destin\u00e9es \u00e0 \u00eatre administr\u00e9es par voie intraveineuse tels que les m\u00e9dicaments de nouvelle g\u00e9n\u00e9ration (th\u00e9rapies \u00e0 base d'ARN \/ADN, les virus oncolytiques, etc.), en r\u00e9solvant le probl\u00e8me de leur clairance dans le foie.<\/p>\t\t\t\t\t\t\t\t<\/div>\n\t\t\t\t<\/div>\n\t\t\t\t<div class=\"elementor-element elementor-element-b928679 elementor-widget elementor-widget-button\" data-id=\"b928679\" data-element_type=\"widget\" data-e-type=\"widget\" data-widget_type=\"button.default\">\n\t\t\t\t<div class=\"elementor-widget-container\">\n\t\t\t\t\t\t\t\t\t<div class=\"elementor-button-wrapper\">\n\t\t\t\t\t<a class=\"elementor-button elementor-button-link elementor-size-sm\" href=\"\/fr\/our-science\/curadigm\/\">\n\t\t\t\t\t\t<span class=\"elementor-button-content-wrapper\">\n\t\t\t\t\t\t\t\t\t<span class=\"elementor-button-text\">En savoir plus sur Curadigm<\/span>\n\t\t\t\t\t<\/span>\n\t\t\t\t\t<\/a>\n\t\t\t\t<\/div>\n\t\t\t\t\t\t\t\t<\/div>\n\t\t\t\t<\/div>\n\t\t\t\t<\/div>\n\t\t\t\t\t<\/div>\n\t\t\t\t<\/div>\n\t\t\t\t<\/div>","protected":false},"excerpt":{"rendered":"<p>OUR SCIENCE Building therapeutics beyond biology Today, the lion\u2019s share of therapeutic innovation focuses on treatments that are heavily dependent on individual patient biology. As a result, many new treatments benefit only small groups of patients who share similar characteristics. What if we could introduce disruptive innovation in medicine that was designed for the many, [&hellip;]<\/p>\n","protected":false},"author":1,"featured_media":0,"parent":0,"menu_order":0,"comment_status":"closed","ping_status":"closed","template":"","meta":{"_acf_changed":false,"site-sidebar-layout":"no-sidebar","site-content-layout":"page-builder","ast-site-content-layout":"full-width-container","site-content-style":"unboxed","site-sidebar-style":"unboxed","ast-global-header-display":"","ast-banner-title-visibility":"","ast-main-header-display":"","ast-hfb-above-header-display":"","ast-hfb-below-header-display":"","ast-hfb-mobile-header-display":"","site-post-title":"disabled","ast-breadcrumbs-content":"","ast-featured-img":"disabled","footer-sml-layout":"","ast-disable-related-posts":"","theme-transparent-header-meta":"","adv-header-id-meta":"","stick-header-meta":"","header-above-stick-meta":"","header-main-stick-meta":"","header-below-stick-meta":"","astra-migrate-meta-layouts":"set","ast-page-background-enabled":"default","ast-page-background-meta":{"desktop":{"background-color":"var(--ast-global-color-4)","background-image":"","background-repeat":"repeat","background-position":"center center","background-size":"auto","background-attachment":"scroll","background-type":"","background-media":"","overlay-type":"","overlay-color":"","overlay-opacity":"","overlay-gradient":""},"tablet":{"background-color":"","background-image":"","background-repeat":"repeat","background-position":"center center","background-size":"auto","background-attachment":"scroll","background-type":"","background-media":"","overlay-type":"","overlay-color":"","overlay-opacity":"","overlay-gradient":""},"mobile":{"background-color":"","background-image":"","background-repeat":"repeat","background-position":"center center","background-size":"auto","background-attachment":"scroll","background-type":"","background-media":"","overlay-type":"","overlay-color":"","overlay-opacity":"","overlay-gradient":""}},"ast-content-background-meta":{"desktop":{"background-color":"var(--ast-global-color-5)","background-image":"","background-repeat":"repeat","background-position":"center center","background-size":"auto","background-attachment":"scroll","background-type":"","background-media":"","overlay-type":"","overlay-color":"","overlay-opacity":"","overlay-gradient":""},"tablet":{"background-color":"var(--ast-global-color-5)","background-image":"","background-repeat":"repeat","background-position":"center center","background-size":"auto","background-attachment":"scroll","background-type":"","background-media":"","overlay-type":"","overlay-color":"","overlay-opacity":"","overlay-gradient":""},"mobile":{"background-color":"var(--ast-global-color-5)","background-image":"","background-repeat":"repeat","background-position":"center center","background-size":"auto","background-attachment":"scroll","background-type":"","background-media":"","overlay-type":"","overlay-color":"","overlay-opacity":"","overlay-gradient":""}},"footnotes":""},"class_list":["post-28","page","type-page","status-publish","hentry"],"acf":[],"_links":{"self":[{"href":"https:\/\/nanobiotix.com\/fr\/wp-json\/wp\/v2\/pages\/28","targetHints":{"allow":["GET"]}}],"collection":[{"href":"https:\/\/nanobiotix.com\/fr\/wp-json\/wp\/v2\/pages"}],"about":[{"href":"https:\/\/nanobiotix.com\/fr\/wp-json\/wp\/v2\/types\/page"}],"author":[{"embeddable":true,"href":"https:\/\/nanobiotix.com\/fr\/wp-json\/wp\/v2\/users\/1"}],"replies":[{"embeddable":true,"href":"https:\/\/nanobiotix.com\/fr\/wp-json\/wp\/v2\/comments?post=28"}],"version-history":[{"count":0,"href":"https:\/\/nanobiotix.com\/fr\/wp-json\/wp\/v2\/pages\/28\/revisions"}],"wp:attachment":[{"href":"https:\/\/nanobiotix.com\/fr\/wp-json\/wp\/v2\/media?parent=28"}],"curies":[{"name":"wp","href":"https:\/\/api.w.org\/{rel}","templated":true}]}}