{"id":2423,"date":"2023-09-29T12:33:13","date_gmt":"2023-09-29T16:33:13","guid":{"rendered":"https:\/\/nanobiotix.com\/?page_id=2423"},"modified":"2023-10-02T06:08:12","modified_gmt":"2023-10-02T10:08:12","slug":"astro-2023","status":"publish","type":"page","link":"https:\/\/nanobiotix.com\/fr\/astro-2023\/","title":{"rendered":"ASTRO 2023"},"content":{"rendered":"<div data-elementor-type=\"wp-page\" data-elementor-id=\"2423\" class=\"elementor elementor-2423\" data-elementor-post-type=\"page\">\n\t\t\t\t<div class=\"elementor-element elementor-element-b01c652 e-flex e-con-boxed e-con e-parent\" data-id=\"b01c652\" data-element_type=\"container\" data-e-type=\"container\">\n\t\t\t\t\t<div class=\"e-con-inner\">\n\t\t\t\t\t<\/div>\n\t\t\t\t<\/div>\n\t\t<div class=\"elementor-element elementor-element-dc01c2f hero e-flex e-con-boxed e-con e-parent\" data-id=\"dc01c2f\" data-element_type=\"container\" data-e-type=\"container\" data-settings=\"{&quot;background_background&quot;:&quot;classic&quot;}\">\n\t\t\t\t\t<div class=\"e-con-inner\">\n\t\t<div class=\"elementor-element elementor-element-3d971fbd e-flex e-con-boxed e-con e-child\" data-id=\"3d971fbd\" data-element_type=\"container\" data-e-type=\"container\">\n\t\t\t\t\t<div class=\"e-con-inner\">\n\t\t\t\t<div class=\"elementor-element elementor-element-690ea03d elementor-widget elementor-widget-heading\" data-id=\"690ea03d\" data-element_type=\"widget\" data-e-type=\"widget\" data-widget_type=\"heading.default\">\n\t\t\t\t<div class=\"elementor-widget-container\">\n\t\t\t\t\t<h1 class=\"elementor-heading-title elementor-size-default\">ASTRO 2023<\/h1>\t\t\t\t<\/div>\n\t\t\t\t<\/div>\n\t\t\t\t<div class=\"elementor-element elementor-element-432604df elementor-absolute elementor-widget__width-initial elementor-widget elementor-widget-image\" data-id=\"432604df\" data-element_type=\"widget\" data-e-type=\"widget\" data-settings=\"{&quot;_position&quot;:&quot;absolute&quot;}\" data-widget_type=\"image.default\">\n\t\t\t\t<div class=\"elementor-widget-container\">\n\t\t\t\t\t\t\t\t\t\t\t\t\t\t\t<img fetchpriority=\"high\" decoding=\"async\" width=\"1897\" height=\"210\" src=\"https:\/\/nanobiotix.com\/wp-content\/uploads\/2023\/09\/astro-type-texture-hero-1.webp\" class=\"attachment-full size-full wp-image-2525\" alt=\"\" srcset=\"https:\/\/nanobiotix.com\/wp-content\/uploads\/2023\/09\/astro-type-texture-hero-1.webp 1897w, https:\/\/nanobiotix.com\/wp-content\/uploads\/2023\/09\/astro-type-texture-hero-1-768x85.webp 768w, https:\/\/nanobiotix.com\/wp-content\/uploads\/2023\/09\/astro-type-texture-hero-1-1536x170.webp 1536w, https:\/\/nanobiotix.com\/wp-content\/uploads\/2023\/09\/astro-type-texture-hero-1-18x2.webp 18w\" sizes=\"(max-width: 1897px) 100vw, 1897px\" \/>\t\t\t\t\t\t\t\t\t\t\t\t\t\t\t<\/div>\n\t\t\t\t<\/div>\n\t\t\t\t\t<\/div>\n\t\t\t\t<\/div>\n\t\t\t\t\t<\/div>\n\t\t\t\t<\/div>\n\t\t<div class=\"elementor-element elementor-element-47ccba31 light-background e-flex e-con-boxed e-con e-parent\" data-id=\"47ccba31\" data-element_type=\"container\" data-e-type=\"container\" data-settings=\"{&quot;background_background&quot;:&quot;classic&quot;}\">\n\t\t\t\t\t<div class=\"e-con-inner\">\n\t\t<div class=\"elementor-element elementor-element-350e9550 e-con-full e-flex e-con e-child\" data-id=\"350e9550\" data-element_type=\"container\" data-e-type=\"container\">\n\t\t\t\t<div class=\"elementor-element elementor-element-566f36aa elementor-widget elementor-widget-heading\" data-id=\"566f36aa\" data-element_type=\"widget\" data-e-type=\"widget\" data-widget_type=\"heading.default\">\n\t\t\t\t<div class=\"elementor-widget-container\">\n\t\t\t\t\t<h2 class=\"elementor-heading-title elementor-size-default\">65<sup>e<\/sup> R\u00c9UNION ANNUELLE DE L\u2019AMERICAN SOCIETY FOR RADIATION ONCOLOGY<\/h2>\t\t\t\t<\/div>\n\t\t\t\t<\/div>\n\t\t\t\t<div class=\"elementor-element elementor-element-35ac6a33 elementor-widget elementor-widget-text-editor\" data-id=\"35ac6a33\" data-element_type=\"widget\" data-e-type=\"widget\" data-widget_type=\"text-editor.default\">\n\t\t\t\t<div class=\"elementor-widget-container\">\n\t\t\t\t\t\t\t\t\t<p><span class=\"med-text\">1er au 4 octobre 2023<br \/>San Diego Convention Center, San Diego, Californie, USA<\/span><\/p><p>Nanobiotix will be presenting (oral presentation) the final readout on primary objectives from Study 102 Dose Expansion\u2014the expansion part of a phase I dose escalation and dose expansion study evaluating potential first-in-class radioenhancer NBTXR3 for elderly patients with locally advanced head and neck cancer.<\/p><p>Cette pr\u00e9sentation orale \u00e0 l\u2019ASTRO sera suivie d\u2019une conf\u00e9rence t\u00e9l\u00e9phonique diffus\u00e9e en direct sur Internet le jeudi 5 octobre 2023, \u00e0 14h CEST \/ 8h EDT. Au cours de la conf\u00e9rence t\u00e9l\u00e9phonique, Laurent Levy, pr\u00e9sident du directoire, passera en revue les r\u00e9sultats finaux de l\u2019\u00e9tude 102 avant de r\u00e9pondre aux questions des participants.<\/p>\t\t\t\t\t\t\t\t<\/div>\n\t\t\t\t<\/div>\n\t\t\t\t<\/div>\n\t\t\t\t\t<\/div>\n\t\t\t\t<\/div>\n\t\t<div class=\"elementor-element elementor-element-1d6374a1 e-con-full shape-container-left e-flex e-con e-parent\" data-id=\"1d6374a1\" data-element_type=\"container\" data-e-type=\"container\" data-settings=\"{&quot;background_background&quot;:&quot;classic&quot;}\">\n\t\t\t\t<div class=\"elementor-element elementor-element-53067224 elementor-widget__width-inherit shape-image elementor-absolute elementor-widget elementor-widget-image\" data-id=\"53067224\" data-element_type=\"widget\" data-e-type=\"widget\" data-settings=\"{&quot;_position&quot;:&quot;absolute&quot;}\" data-widget_type=\"image.default\">\n\t\t\t\t<div class=\"elementor-widget-container\">\n\t\t\t\t\t\t\t\t\t\t\t\t\t\t\t<img decoding=\"async\" width=\"1006\" height=\"384\" data-src=\"https:\/\/nanobiotix.com\/wp-content\/uploads\/2023\/09\/yellow-long-o-background-shape-right.svg\" class=\"attachment-full size-full wp-image-2430 lazyload\" alt=\"\" src=\"data:image\/svg+xml;base64,PHN2ZyB3aWR0aD0iMSIgaGVpZ2h0PSIxIiB4bWxucz0iaHR0cDovL3d3dy53My5vcmcvMjAwMC9zdmciPjwvc3ZnPg==\" style=\"--smush-placeholder-width: 1006px; --smush-placeholder-aspect-ratio: 1006\/384;\" \/>\t\t\t\t\t\t\t\t\t\t\t\t\t\t\t<\/div>\n\t\t\t\t<\/div>\n\t\t\t\t<\/div>\n\t\t<div class=\"elementor-element elementor-element-6599a113 light-background e-flex e-con-boxed e-con e-parent\" data-id=\"6599a113\" data-element_type=\"container\" data-e-type=\"container\">\n\t\t\t\t\t<div class=\"e-con-inner\">\n\t\t<div class=\"elementor-element elementor-element-7b68b06a e-con-full e-flex e-con e-child\" data-id=\"7b68b06a\" data-element_type=\"container\" data-e-type=\"container\">\n\t\t<div class=\"elementor-element elementor-element-18891a62 e-flex e-con-boxed e-con e-child\" data-id=\"18891a62\" data-element_type=\"container\" data-e-type=\"container\">\n\t\t\t\t\t<div class=\"e-con-inner\">\n\t\t\t\t<div class=\"elementor-element elementor-element-7167cba3 elementor-widget elementor-widget-text-editor\" data-id=\"7167cba3\" data-element_type=\"widget\" data-e-type=\"widget\" data-widget_type=\"text-editor.default\">\n\t\t\t\t<div class=\"elementor-widget-container\">\n\t\t\t\t\t\t\t\t\t<h3>Pr\u00e9sentation orale<\/h3>\n<p><span class=\"med-text\">ABSTRACT #55260<br>Novel Radioenhancer NBTXR3 Activated by Radiotherapy in Cisplatin-ineligible Locally Advanced HNSCC Patients: Final Results of a Phase 1 Trial<\/span><\/p>\n<p><strong>Date\/Heure :<\/strong> Mercredi 4 octobre \u00e0 15h EDT \/ 21h CEST<br><strong>Session :<\/strong> Head and Neck \u2014 Augmenting the Potential of Radiation Therapy with Novel Therapeutics and Imaging<br><strong>Pr\u00e9sentateur :<\/strong> Dr. Christophe Le Tourneau, Institut Curie, Paris<br><strong>Lieu :<\/strong> Room 1, San Diego Convention Center, San Diego, California<\/p>\t\t\t\t\t\t\t\t<\/div>\n\t\t\t\t<\/div>\n\t\t\t\t\t<\/div>\n\t\t\t\t<\/div>\n\t\t\t\t<\/div>\n\t\t<div class=\"elementor-element elementor-element-17d724b0 e-con-full e-flex e-con e-child\" data-id=\"17d724b0\" data-element_type=\"container\" data-e-type=\"container\">\n\t\t<div class=\"elementor-element elementor-element-2ecf4eff e-flex e-con-boxed e-con e-child\" data-id=\"2ecf4eff\" data-element_type=\"container\" data-e-type=\"container\">\n\t\t\t\t\t<div class=\"e-con-inner\">\n\t\t\t\t<div class=\"elementor-element elementor-element-1366d384 elementor-widget elementor-widget-text-editor\" data-id=\"1366d384\" data-element_type=\"widget\" data-e-type=\"widget\" data-widget_type=\"text-editor.default\">\n\t\t\t\t<div class=\"elementor-widget-container\">\n\t\t\t\t\t\t\t\t\t<h3>Conf\u00e9rence t\u00e9l\u00e9phonique<\/h3><p><span class=\"no-french\"><strong>Date\/Heure :<\/strong> Jeudi 5 octobre \u00e0 8h EDT \/ 14h CEST<br \/><\/span><strong>Live (\u00c9tats-Unis) :<\/strong> 1-877-423-9813<br \/><strong>Live (France) :<\/strong> 0 800 912 848<br \/><strong>Live (international):<\/strong> 1-201-689-8573<br \/><strong>Call me\u2122:<\/strong> <a href=\"https:\/\/callme.viavid.com\/viavid\/?callme=true&amp;passcode=13736842&amp;h=true&amp;info=company-email&amp;r=true&amp;B=6\">cliquez ici<\/a><\/p>\t\t\t\t\t\t\t\t<\/div>\n\t\t\t\t<\/div>\n\t\t\t\t\t<\/div>\n\t\t\t\t<\/div>\n\t\t\t\t<\/div>\n\t\t\t\t\t<\/div>\n\t\t\t\t<\/div>\n\t\t\t\t<\/div>","protected":false},"excerpt":{"rendered":"<p>ASTRO 2023 65th Annual Meeting of American Society for Radiation Oncology 1st\u20134th October, 2023San Diego Convention Center, San Diego, CA, USA Nanobiotix will be presenting (oral presentation) the final readout on primary objectives from Study 102 Dose Expansion\u2014the expansion part of a phase I dose escalation and dose expansion study evaluating potential first-in-class radioenhancer NBTXR3 [&hellip;]<\/p>\n","protected":false},"author":5,"featured_media":0,"parent":0,"menu_order":0,"comment_status":"closed","ping_status":"closed","template":"","meta":{"_acf_changed":false,"site-sidebar-layout":"no-sidebar","site-content-layout":"page-builder","ast-site-content-layout":"full-width-container","site-content-style":"default","site-sidebar-style":"default","ast-global-header-display":"","ast-banner-title-visibility":"","ast-main-header-display":"","ast-hfb-above-header-display":"","ast-hfb-below-header-display":"","ast-hfb-mobile-header-display":"","site-post-title":"disabled","ast-breadcrumbs-content":"","ast-featured-img":"disabled","footer-sml-layout":"","ast-disable-related-posts":"","theme-transparent-header-meta":"","adv-header-id-meta":"","stick-header-meta":"","header-above-stick-meta":"","header-main-stick-meta":"","header-below-stick-meta":"","astra-migrate-meta-layouts":"set","ast-page-background-enabled":"default","ast-page-background-meta":{"desktop":{"background-color":"var(--ast-global-color-4)","background-image":"","background-repeat":"repeat","background-position":"center center","background-size":"auto","background-attachment":"scroll","background-type":"","background-media":"","overlay-type":"","overlay-color":"","overlay-opacity":"","overlay-gradient":""},"tablet":{"background-color":"","background-image":"","background-repeat":"repeat","background-position":"center center","background-size":"auto","background-attachment":"scroll","background-type":"","background-media":"","overlay-type":"","overlay-color":"","overlay-opacity":"","overlay-gradient":""},"mobile":{"background-color":"","background-image":"","background-repeat":"repeat","background-position":"center center","background-size":"auto","background-attachment":"scroll","background-type":"","background-media":"","overlay-type":"","overlay-color":"","overlay-opacity":"","overlay-gradient":""}},"ast-content-background-meta":{"desktop":{"background-color":"var(--ast-global-color-5)","background-image":"","background-repeat":"repeat","background-position":"center center","background-size":"auto","background-attachment":"scroll","background-type":"","background-media":"","overlay-type":"","overlay-color":"","overlay-opacity":"","overlay-gradient":""},"tablet":{"background-color":"var(--ast-global-color-5)","background-image":"","background-repeat":"repeat","background-position":"center center","background-size":"auto","background-attachment":"scroll","background-type":"","background-media":"","overlay-type":"","overlay-color":"","overlay-opacity":"","overlay-gradient":""},"mobile":{"background-color":"var(--ast-global-color-5)","background-image":"","background-repeat":"repeat","background-position":"center center","background-size":"auto","background-attachment":"scroll","background-type":"","background-media":"","overlay-type":"","overlay-color":"","overlay-opacity":"","overlay-gradient":""}},"footnotes":""},"class_list":["post-2423","page","type-page","status-publish","hentry"],"acf":[],"_links":{"self":[{"href":"https:\/\/nanobiotix.com\/fr\/wp-json\/wp\/v2\/pages\/2423","targetHints":{"allow":["GET"]}}],"collection":[{"href":"https:\/\/nanobiotix.com\/fr\/wp-json\/wp\/v2\/pages"}],"about":[{"href":"https:\/\/nanobiotix.com\/fr\/wp-json\/wp\/v2\/types\/page"}],"author":[{"embeddable":true,"href":"https:\/\/nanobiotix.com\/fr\/wp-json\/wp\/v2\/users\/5"}],"replies":[{"embeddable":true,"href":"https:\/\/nanobiotix.com\/fr\/wp-json\/wp\/v2\/comments?post=2423"}],"version-history":[{"count":0,"href":"https:\/\/nanobiotix.com\/fr\/wp-json\/wp\/v2\/pages\/2423\/revisions"}],"wp:attachment":[{"href":"https:\/\/nanobiotix.com\/fr\/wp-json\/wp\/v2\/media?parent=2423"}],"curies":[{"name":"wp","href":"https:\/\/api.w.org\/{rel}","templated":true}]}}