{"id":148,"date":"2023-05-26T13:07:15","date_gmt":"2023-05-26T17:07:15","guid":{"rendered":"https:\/\/nanobiotix.com\/?page_id=148"},"modified":"2025-10-15T13:59:29","modified_gmt":"2025-10-15T17:59:29","slug":"cookie-policy","status":"publish","type":"page","link":"https:\/\/nanobiotix.com\/fr\/cookie-policy\/","title":{"rendered":"Politique de gestion des cookies"},"content":{"rendered":"<div data-elementor-type=\"wp-page\" data-elementor-id=\"148\" class=\"elementor elementor-148\" data-elementor-post-type=\"page\">\n\t\t\t\t<div class=\"elementor-element elementor-element-14c485c0 hero e-flex e-con-boxed e-con e-parent\" data-id=\"14c485c0\" data-element_type=\"container\" data-e-type=\"container\" data-settings=\"{&quot;background_background&quot;:&quot;classic&quot;}\">\n\t\t\t\t\t<div class=\"e-con-inner\">\n\t\t<div class=\"elementor-element elementor-element-48eeb115 e-flex e-con-boxed e-con e-child\" data-id=\"48eeb115\" data-element_type=\"container\" data-e-type=\"container\">\n\t\t\t\t\t<div class=\"e-con-inner\">\n\t\t\t\t<div class=\"elementor-element elementor-element-1d438292 elementor-widget elementor-widget-heading\" data-id=\"1d438292\" data-element_type=\"widget\" data-e-type=\"widget\" data-widget_type=\"heading.default\">\n\t\t\t\t<div class=\"elementor-widget-container\">\n\t\t\t\t\t<h1 class=\"elementor-heading-title elementor-size-default\">POLITIQUE GESTION DES COOKIES<\/h1>\t\t\t\t<\/div>\n\t\t\t\t<\/div>\n\t\t\t\t\t<\/div>\n\t\t\t\t<\/div>\n\t\t\t\t\t<\/div>\n\t\t\t\t<\/div>\n\t\t<div class=\"elementor-element elementor-element-1246084 light-background e-flex e-con-boxed e-con e-parent\" data-id=\"1246084\" data-element_type=\"container\" data-e-type=\"container\">\n\t\t\t\t\t<div class=\"e-con-inner\">\n\t\t\t\t<div class=\"elementor-element elementor-element-860141e elementor-widget elementor-widget-text-editor\" data-id=\"860141e\" data-element_type=\"widget\" data-e-type=\"widget\" data-widget_type=\"text-editor.default\">\n\t\t\t\t<div class=\"elementor-widget-container\">\n\t\t\t\t\t\t\t\t\t<h2>Objectif de la politique de gestion des cookies<\/h2><p>La Politique de gestion des cookies a pour objectif d\u2019informer des finalit\u00e9s pour lesquelles ces cookies sont utilis\u00e9s et la mani\u00e8re dont vous pouvez les g\u00e9rer. Elle est conforme aux dispositions du R\u00e8glement G\u00e9n\u00e9ral sur protection des donn\u00e9es (RGPD) et de l\u2019article 82 de la loi n\u00b0 78-17 du 6 janvier 1978 relative \u00e0 l\u2019informatique, aux fichiers et aux libert\u00e9s modifi\u00e9e, dite loi \u00ab informatique et libert\u00e9s \u00bb, et aux derni\u00e8res lignes directrices et \u00e0 la recommandation de la Commission nationale de l\u2019informatique et des libert\u00e9s (CNIL) relatives aux cookies adopt\u00e9es le 17 septembre 2020.<\/p><h2>D\u00e9finition d\u2019un cookie<\/h2><p>Le terme \u00ab Cookie \u00bb couvre l\u2019ensemble des traceurs d\u00e9pos\u00e9s et \/ ou lus lors de la consultation d\u2019un site internet, de la lecture d\u2019un courrier \u00e9lectronique, de l\u2019installation ou de l\u2019utilisation d\u2019un logiciel ou d\u2019une application mobile. La dur\u00e9e de vie d\u2019un cookie est de 13 mois, sauf si vous retirez votre consentement avant.<\/p><p>Chaque site internet peut acc\u00e9der aux cookies qu\u2019il a d\u00e9pos\u00e9s sur un ordinateur pour les lire, les modifier et enregistrer les informations qu\u2019ils contiennent. Les cookies jouent \u00e9galement un r\u00f4le important dans le fonctionnement et l\u2019ergonomie d\u2019un site internet. Ils servent notamment \u00e0 faciliter la navigation, r\u00e9aliser des statistiques, permettre des transactions, assurer la s\u00e9curit\u00e9 du site, etc.<\/p><h2>Quels sont les types de cookies utilis\u00e9s par le site<\/h2><p>Il existe deux principales cat\u00e9gories de cookies :<\/p><p>\u2022 Cookies de session (ou cookies temporaires) : ils sont supprim\u00e9s de votre ordinateur d\u00e8s la fin de votre session de navigation. Ils permettent par exemple de consulter diff\u00e9rentes pages d\u2019un site internet sans avoir \u00e0 saisir \u00e0 chaque fois des informations que vous avez d\u00e9j\u00e0 transmises.<\/p><p>\u2022 Cookies persistants : ils sont stock\u00e9s sur votre ordinateur apr\u00e8s la fermeture de votre navigateur. Ils permettent de stocker des informations concernant votre navigation, telles que votre derni\u00e8re visite, vos pr\u00e9f\u00e9rences, la s\u00e9lection de la langue, etc<\/p><h2>Traceurs exempt\u00e9s de consentement pr\u00e9alable<\/h2><p>Nanobiotix utilise ces traceurs pour permettre et faciliter la navigation sur le site notamment en m\u00e9morisant les pr\u00e9f\u00e9rences de navigation d\u00e9finies au cours de la session.<\/p><p>Ces traceurs ne peuvent pas, techniquement, \u00eatre d\u00e9sactiv\u00e9s depuis le site. Vous pouvez n\u00e9anmoins vous opposer \u00e0 l\u2019utilisation de ces traceurs, exclusivement en param\u00e9trant votre navigateur. En principe, vous pouvez soit activer une fonction de navigation priv\u00e9e, soit uniquement interdire ou restreindre les cookies. Attention, il se peut que des traceurs aient \u00e9t\u00e9 enregistr\u00e9s sur votre p\u00e9riph\u00e9rique avant le param\u00e9trage du navigateur : dans ce cas, il convient d\u2019effacer l\u2019historique de navigation, toujours en utilisant le param\u00e9trage du navigateur.<\/p><p>Ces cookies sont les suivants :<\/p><table width=\"100%\"><tbody><tr><td width=\"17%\">Noms des cookies<\/td><td width=\"46%\">Finalit\u00e9<\/td><td width=\"19%\">Dur\u00e9e de conservation<\/td><td width=\"16%\">Identit\u00e9 du tiers<\/td><\/tr><tr><td width=\"17%\">CookieConsent<\/td><td width=\"46%\">Stocke l\u2019autorisation d\u2019utilisation de cookies pour le domaine actuel par l\u2019utilisateur<\/td><td width=\"19%\">1 Ann\u00e9e<\/td><td width=\"16%\">Cookiebot<\/td><\/tr><\/tbody><\/table><h2>Traceurs soumis \u00e0 votre consentement pr\u00e9alable<\/h2><p class=\"translation-block\">Nanobiotix utilise des traceurs sous le contr\u00f4le de tiers qui sont soumis au consentement pr\u00e9alable.\n<br>Ces cookies sont les suivants<\/p><h3>Google Analytics<\/h3><p>Le site internet de Nanobiotix utilise Google Analytics, un service d\u2019analyse de site internet fourni par Google Inc. (\u00ab Google \u00bb). Cet outil nous permet de mesurer l\u2019audience sur le site afin d\u2019\u00e9valuer sous forme de statistique sa performance.<br \/>Google Analytics utilise \u00e9galement des \u00ab cookies \u00bb qui permettent une analyse de l\u2019utilisation du site internet que vous en faites. Dans le cadre de l\u2019utilisation des services Google, vos donn\u00e9es telles que d\u00e9crites ci-dessus peuvent \u00eatre h\u00e9berg\u00e9es sur les serveurs de Google situ\u00e9s aux Etats-Unis d\u2019Am\u00e9rique.<br \/>Les cookies utilis\u00e9s par Google Analytics sont :<\/p><p><strong>__ga:\u00a0<\/strong>enregistre un identifiant unique utilis\u00e9 pour g\u00e9n\u00e9rer des donn\u00e9es statistiques sur la fa\u00e7on dont le visiteur utilise le site. La dur\u00e9e de vie du cookie est de 2 ans.<br \/><strong>__gat:<\/strong>\u00a0utilis\u00e9 pour limiter le taux de demande, ce qui limite la collecte des donn\u00e9es sur les sites \u00e0 fort trafic. La dur\u00e9e de vie du cookie est de 1 jour.<br \/><strong>__gid:<\/strong>\u00a0enregistre un identifiant unique afin de g\u00e9n\u00e9rer des donn\u00e9es statistiques sur la fa\u00e7on dont le visiteur visite le site. La dur\u00e9e de vie du cookie est de 1 jour.<\/p><p>Pour toute information compl\u00e9mentaire relative \u00e0 l\u2019utilisation de Google Analytics, vous pouvez consulter les r\u00e8gles de confidentialit\u00e9 de Google et en particulier comment Google utilise certaines donn\u00e9es collect\u00e9es lorsque vous utilisez des sites ou applications de ses partenaires, en consultant le lien suivant.<a href=\"https:\/\/policies.google.com\/privacy?hl=fr\" target=\"_blank\" rel=\"noopener\">\u00a0https:\/\/policies.google.com\/privacy?hl=fr<\/a>.<\/p><p>Vous avez la possibilit\u00e9 de refuser ces cookies en param\u00e9trant vos pr\u00e9f\u00e9rences comme indiqu\u00e9 plus bas, ou bien en installant le plug-in de d\u00e9sactivation propos\u00e9 par Google disponible ici :\u00a0<a href=\"https:\/\/tools.google.com\/dlpage\/gaoptout\/?hl=fr\" target=\"_blank\" rel=\"noopener\">https:\/\/tools.google.com\/dlpage\/gaoptout\/?hl=fr<\/a>.<\/p><table width=\"101%\"><tbody><tr><td width=\"25%\">Noms des cookies<\/td><td width=\"39%\">Finalit\u00e9<\/td><td width=\"20%\">Dur\u00e9e de conservation<\/td><td width=\"15%\">Identit\u00e9 du tiers<\/td><\/tr><tr><td width=\"25%\">collect<\/td><td width=\"39%\">Utilis\u00e9 pour envoyer des donn\u00e9es \u00e0 Google Analytics sur le p\u00e9riph\u00e9rique et le comportement du visiteur. Suit l\u2019internaute \u00e0 travers les appareils et les canaux de marketing<\/td><td width=\"20%\">Session<\/td><td width=\"15%\">Google<\/td><\/tr><tr><td width=\"25%\">IDE<\/td><td width=\"39%\">Utilis\u00e9 par Google DoubleClick pour enregistrer et signaler les actions de l\u2019utilisateur du site apr\u00e8s qu\u2019il ait vu ou cliqu\u00e9 sur une des pubs de l\u2019annonceur dans le but de mesurer l\u2019efficacit\u00e9 et de pr\u00e9senter des annonces publicitaires cibl\u00e9es \u00e0 l\u2019utilisateur.<\/td><td width=\"20%\">1 Ann\u00e9e<\/td><td width=\"15%\">Google<\/td><\/tr><tr><td width=\"25%\">test_cookie<\/td><td width=\"39%\">Utilis\u00e9 pour v\u00e9rifier si le navigateur de l\u2019utilisateur accepte les cookies.<\/td><td width=\"20%\">1 jour<\/td><td width=\"15%\">Google<\/td><\/tr><tr><td width=\"25%\">VISITOR_INFO1_LIVE<\/td><td width=\"39%\">Tente d\u2019estimer la bande passante des utilisateurs sur des pages avec des vid\u00e9os YouTube int\u00e9gr\u00e9es.<\/td><td width=\"20%\">179 jours<\/td><td width=\"15%\">YouTube<\/td><\/tr><tr><td width=\"25%\">YSC<\/td><td width=\"39%\">Enregistre un identifiant unique pour conserver des statistiques sur les vid\u00e9os de YouTube vues par l\u2019utilisateur.<\/td><td width=\"20%\">Session<\/td><td width=\"15%\">YouTube<\/td><\/tr><tr><td width=\"25%\">yt.innertube::nextId<\/td><td width=\"39%\">Enregistre un identifiant unique pour conserver des statistiques sur les vid\u00e9os de YouTube vues par l\u2019utilisateur.<\/td><td width=\"20%\">Persistent<\/td><td width=\"15%\">YouTube<\/td><\/tr><tr><td width=\"25%\">yt.innertube::requests<\/td><td width=\"39%\">Enregistre un identifiant unique pour conserver des statistiques sur les vid\u00e9os de YouTube vues par l\u2019utilisateur.<\/td><td width=\"20%\">Persistent<\/td><td width=\"15%\">YouTube<\/td><\/tr><tr><td width=\"25%\">yt-remote-cast-installed<\/td><td width=\"39%\">Stores the user\u2019s video playback preferences for embedded YouTube videos<\/td><td width=\"20%\">Session<\/td><td width=\"15%\">YouTube<\/td><\/tr><tr><td width=\"25%\">yt-remote-connected-devices<\/td><td width=\"39%\">Stores the user\u2019s video playback preferences for embedded YouTube videos<\/td><td width=\"20%\">Persistent<\/td><td width=\"15%\">YouTube<\/td><\/tr><tr><td width=\"25%\">yt-remote-device-id<\/td><td width=\"39%\">Stores the user\u2019s video playback preferences for embedded YouTube videos<\/td><td width=\"20%\">Persistent<\/td><td width=\"15%\">YouTube<\/td><\/tr><tr><td width=\"25%\">yt-remote-fast-check-period<\/td><td width=\"39%\">Stores the user\u2019s video playback preferences for embedded YouTube videos<\/td><td width=\"20%\">Session<\/td><td width=\"15%\">YouTube<\/td><\/tr><tr><td width=\"25%\">yt-remote-session-app<\/td><td width=\"39%\">Stores the user\u2019s video playback preferences for embedded YouTube videos<\/td><td width=\"20%\">Session<\/td><td width=\"15%\">YouTube<\/td><\/tr><tr><td width=\"25%\">yt-remote-session-name<\/td><td width=\"39%\">Stores the user\u2019s video playback preferences for embedded YouTube videos<\/td><td width=\"20%\">Session<\/td><td width=\"15%\">YouTube<\/td><\/tr><\/tbody><\/table><p>Lors de votre premi\u00e8re visite sur le Site et tant que vous ne vous prononcez pas, la soci\u00e9t\u00e9 Nanobiotix vous informe de la pr\u00e9sence des cookies n\u00e9cessitant votre consentement par le biais d\u2019un bandeau et vous invite \u00e0 indiquer votre choix. Ils ne sont d\u00e9pos\u00e9s que si vous les acceptez. Vous pouvez \u00e0 tout moment ajuster vos pr\u00e9f\u00e9rences en mati\u00e8re de cookies pour les accepter ou les refuser en cliquant sur le bloc \u00ab gestion des services \u00bb en bas \u00e0 droite de chaque page. Vous pourrez indiquer votre pr\u00e9f\u00e9rence soit globalement pour le Site, soit service par service.<\/p><p>Pour plus d\u2019information sur les cookies, vous pouvez consulter la page suivante :\u00a0<a href=\"http:\/\/www.allaboutcookies.org\/fr\/\" target=\"_blank\" rel=\"noopener\">http:\/\/www.allaboutcookies.org\/.<\/a><\/p><h2>Site tiers<\/h2><p>Le Site peut contenir des liens hypertextes ou des r\u00e9f\u00e9rences \u00e0 des sites internet tiers, y compris des sites appartenant \u00e0 Nanobiotix. Ce dernier ne contr\u00f4le pas ces sites tiers, ni le d\u00e9p\u00f4t de cookies qui peut r\u00e9sulter de leur utilisation. Vous \u00eates invit\u00e9 \u00e0 prendre connaissance de la politique de gestion des cookies applicable \u00e0 chaque site tiers que vous visitez.<\/p><h2>Modifications de notre politique de gestion des cookies<\/h2><p>Nanobiotix est susceptible de modifier la pr\u00e9sente Politique relative aux cookies notamment afin de prendre en compte l\u2019\u00e9volution de la r\u00e8glementation applicable ou encore les \u00e9volutions technologiques. Nanobiotix vous informera en cas de changement substantiel.<\/p><p>Derni\u00e8re date de mise \u00e0 jour de la Politique de gestion des cookies : avril 2021<\/p>\t\t\t\t\t\t\t\t<\/div>\n\t\t\t\t<\/div>\n\t\t\t\t\t<\/div>\n\t\t\t\t<\/div>\n\t\t\t\t<\/div>","protected":false},"excerpt":{"rendered":"<p>COOKIE POLICY Purpose of the cookie policy The cookie policy aims at informing the purposes for which cookies are used and how you can manage them. It complies with the provisions of the General Data Protection Regulation (GDPR) and Article 82 of the French amended Data Protection Act and with the latest guidelines and recommendation [&hellip;]<\/p>\n","protected":false},"author":1,"featured_media":0,"parent":0,"menu_order":0,"comment_status":"closed","ping_status":"closed","template":"","meta":{"_acf_changed":false,"site-sidebar-layout":"no-sidebar","site-content-layout":"page-builder","ast-site-content-layout":"default","site-content-style":"default","site-sidebar-style":"default","ast-global-header-display":"","ast-banner-title-visibility":"","ast-main-header-display":"","ast-hfb-above-header-display":"","ast-hfb-below-header-display":"","ast-hfb-mobile-header-display":"","site-post-title":"disabled","ast-breadcrumbs-content":"","ast-featured-img":"disabled","footer-sml-layout":"","ast-disable-related-posts":"","theme-transparent-header-meta":"","adv-header-id-meta":"","stick-header-meta":"","header-above-stick-meta":"","header-main-stick-meta":"","header-below-stick-meta":"","astra-migrate-meta-layouts":"default","ast-page-background-enabled":"default","ast-page-background-meta":{"desktop":{"background-color":"var(--ast-global-color-4)","background-image":"","background-repeat":"repeat","background-position":"center center","background-size":"auto","background-attachment":"scroll","background-type":"","background-media":"","overlay-type":"","overlay-color":"","overlay-opacity":"","overlay-gradient":""},"tablet":{"background-color":"","background-image":"","background-repeat":"repeat","background-position":"center center","background-size":"auto","background-attachment":"scroll","background-type":"","background-media":"","overlay-type":"","overlay-color":"","overlay-opacity":"","overlay-gradient":""},"mobile":{"background-color":"","background-image":"","background-repeat":"repeat","background-position":"center center","background-size":"auto","background-attachment":"scroll","background-type":"","background-media":"","overlay-type":"","overlay-color":"","overlay-opacity":"","overlay-gradient":""}},"ast-content-background-meta":{"desktop":{"background-color":"var(--ast-global-color-5)","background-image":"","background-repeat":"repeat","background-position":"center center","background-size":"auto","background-attachment":"scroll","background-type":"","background-media":"","overlay-type":"","overlay-color":"","overlay-opacity":"","overlay-gradient":""},"tablet":{"background-color":"var(--ast-global-color-5)","background-image":"","background-repeat":"repeat","background-position":"center center","background-size":"auto","background-attachment":"scroll","background-type":"","background-media":"","overlay-type":"","overlay-color":"","overlay-opacity":"","overlay-gradient":""},"mobile":{"background-color":"var(--ast-global-color-5)","background-image":"","background-repeat":"repeat","background-position":"center center","background-size":"auto","background-attachment":"scroll","background-type":"","background-media":"","overlay-type":"","overlay-color":"","overlay-opacity":"","overlay-gradient":""}},"footnotes":""},"class_list":["post-148","page","type-page","status-publish","hentry"],"acf":[],"_links":{"self":[{"href":"https:\/\/nanobiotix.com\/fr\/wp-json\/wp\/v2\/pages\/148","targetHints":{"allow":["GET"]}}],"collection":[{"href":"https:\/\/nanobiotix.com\/fr\/wp-json\/wp\/v2\/pages"}],"about":[{"href":"https:\/\/nanobiotix.com\/fr\/wp-json\/wp\/v2\/types\/page"}],"author":[{"embeddable":true,"href":"https:\/\/nanobiotix.com\/fr\/wp-json\/wp\/v2\/users\/1"}],"replies":[{"embeddable":true,"href":"https:\/\/nanobiotix.com\/fr\/wp-json\/wp\/v2\/comments?post=148"}],"version-history":[{"count":0,"href":"https:\/\/nanobiotix.com\/fr\/wp-json\/wp\/v2\/pages\/148\/revisions"}],"wp:attachment":[{"href":"https:\/\/nanobiotix.com\/fr\/wp-json\/wp\/v2\/media?parent=148"}],"curies":[{"name":"wp","href":"https:\/\/api.w.org\/{rel}","templated":true}]}}