{"id":145,"date":"2023-05-26T13:04:44","date_gmt":"2023-05-26T17:04:44","guid":{"rendered":"https:\/\/nanobiotix.com\/?page_id=145"},"modified":"2023-07-31T12:58:28","modified_gmt":"2023-07-31T16:58:28","slug":"accessibility","status":"publish","type":"page","link":"https:\/\/nanobiotix.com\/fr\/accessibility\/","title":{"rendered":"Accessibilit\u00e9"},"content":{"rendered":"<div data-elementor-type=\"wp-page\" data-elementor-id=\"145\" class=\"elementor elementor-145\" data-elementor-post-type=\"page\">\n\t\t\t\t<div class=\"elementor-element elementor-element-1a6f422 hero e-flex e-con-boxed e-con e-parent\" data-id=\"1a6f422\" data-element_type=\"container\" data-e-type=\"container\" data-settings=\"{&quot;background_background&quot;:&quot;classic&quot;}\">\n\t\t\t\t\t<div class=\"e-con-inner\">\n\t\t<div class=\"elementor-element elementor-element-3ab2bbf e-flex e-con-boxed e-con e-child\" data-id=\"3ab2bbf\" data-element_type=\"container\" data-e-type=\"container\">\n\t\t\t\t\t<div class=\"e-con-inner\">\n\t\t\t\t<div class=\"elementor-element elementor-element-25ec540 elementor-widget elementor-widget-heading\" data-id=\"25ec540\" data-element_type=\"widget\" data-e-type=\"widget\" data-widget_type=\"heading.default\">\n\t\t\t\t<div class=\"elementor-widget-container\">\n\t\t\t\t\t<h1 class=\"elementor-heading-title elementor-size-default\">ACCESSIBILIT\u00c9 <\/h1>\t\t\t\t<\/div>\n\t\t\t\t<\/div>\n\t\t\t\t\t<\/div>\n\t\t\t\t<\/div>\n\t\t\t\t\t<\/div>\n\t\t\t\t<\/div>\n\t\t<div class=\"elementor-element elementor-element-35fad6f light-background e-flex e-con-boxed e-con e-parent\" data-id=\"35fad6f\" data-element_type=\"container\" data-e-type=\"container\">\n\t\t\t\t\t<div class=\"e-con-inner\">\n\t\t\t\t<div class=\"elementor-element elementor-element-896d9b2 elementor-widget elementor-widget-text-editor\" data-id=\"896d9b2\" data-element_type=\"widget\" data-e-type=\"widget\" data-widget_type=\"text-editor.default\">\n\t\t\t\t<div class=\"elementor-widget-container\">\n\t\t\t\t\t\t\t\t\t<h2>Notre engagement en mati\u00e8re d'accessibilit\u00e9<\/h2><p>Nanobiotix s'engage \u00e0 rendre son site internet accessible \u00e0 tous. Nous avons construit notre site de mani\u00e8re \u00e0 ce qu'il fonctionne avec les technologies d'assistance en utilisant les directives d'accessibilit\u00e9 au contenu des sites internet du Worldwide Web Consortium. Nous continuons \u00e0 \u00e9valuer notre site internet afin de maintenir et d'accro\u00eetre son accessibilit\u00e9 pour tous nos visiteurs.<\/p><h2>Retour<\/h2><p>Si vous avez des difficult\u00e9s \u00e0 utiliser ou \u00e0 acc\u00e9der \u00e0 un \u00e9l\u00e9ment de ce site internet ou si vous avez d'autres questions, veuillez nous contacter \u00e0<a href=\"tel:+33140260470\" target=\"_blank\" rel=\"noopener\">33 (0)1 40 26 04 70<\/a> ou \u00e0 <a href=\"mailto:contact@nanobiotix.com\" target=\"_blank\" rel=\"noopener\">contact@nanobiotix.com<\/a>.<\/p>\t\t\t\t\t\t\t\t<\/div>\n\t\t\t\t<\/div>\n\t\t\t\t\t<\/div>\n\t\t\t\t<\/div>\n\t\t\t\t<\/div>","protected":false},"excerpt":{"rendered":"<p>ACCESSIBILITY Our Commitment to Accessibility Nanobiotix is committed to making our website accessible to everyone. We have built our website in a manner to work with assistive technologies using the Worldwide Web Consortium\u2019s Website Content Accessibility Guidelines. We continue to evaluate its website to maintain and expand its accessibility for all of our visitors. Feedback [&hellip;]<\/p>\n","protected":false},"author":1,"featured_media":0,"parent":0,"menu_order":0,"comment_status":"closed","ping_status":"closed","template":"","meta":{"_acf_changed":false,"site-sidebar-layout":"no-sidebar","site-content-layout":"page-builder","ast-site-content-layout":"default","site-content-style":"default","site-sidebar-style":"default","ast-global-header-display":"","ast-banner-title-visibility":"","ast-main-header-display":"","ast-hfb-above-header-display":"","ast-hfb-below-header-display":"","ast-hfb-mobile-header-display":"","site-post-title":"disabled","ast-breadcrumbs-content":"","ast-featured-img":"disabled","footer-sml-layout":"","ast-disable-related-posts":"","theme-transparent-header-meta":"","adv-header-id-meta":"","stick-header-meta":"","header-above-stick-meta":"","header-main-stick-meta":"","header-below-stick-meta":"","astra-migrate-meta-layouts":"default","ast-page-background-enabled":"default","ast-page-background-meta":{"desktop":{"background-color":"var(--ast-global-color-4)","background-image":"","background-repeat":"repeat","background-position":"center center","background-size":"auto","background-attachment":"scroll","background-type":"","background-media":"","overlay-type":"","overlay-color":"","overlay-opacity":"","overlay-gradient":""},"tablet":{"background-color":"","background-image":"","background-repeat":"repeat","background-position":"center center","background-size":"auto","background-attachment":"scroll","background-type":"","background-media":"","overlay-type":"","overlay-color":"","overlay-opacity":"","overlay-gradient":""},"mobile":{"background-color":"","background-image":"","background-repeat":"repeat","background-position":"center center","background-size":"auto","background-attachment":"scroll","background-type":"","background-media":"","overlay-type":"","overlay-color":"","overlay-opacity":"","overlay-gradient":""}},"ast-content-background-meta":{"desktop":{"background-color":"var(--ast-global-color-5)","background-image":"","background-repeat":"repeat","background-position":"center center","background-size":"auto","background-attachment":"scroll","background-type":"","background-media":"","overlay-type":"","overlay-color":"","overlay-opacity":"","overlay-gradient":""},"tablet":{"background-color":"var(--ast-global-color-5)","background-image":"","background-repeat":"repeat","background-position":"center center","background-size":"auto","background-attachment":"scroll","background-type":"","background-media":"","overlay-type":"","overlay-color":"","overlay-opacity":"","overlay-gradient":""},"mobile":{"background-color":"var(--ast-global-color-5)","background-image":"","background-repeat":"repeat","background-position":"center center","background-size":"auto","background-attachment":"scroll","background-type":"","background-media":"","overlay-type":"","overlay-color":"","overlay-opacity":"","overlay-gradient":""}},"footnotes":""},"class_list":["post-145","page","type-page","status-publish","hentry"],"acf":[],"_links":{"self":[{"href":"https:\/\/nanobiotix.com\/fr\/wp-json\/wp\/v2\/pages\/145","targetHints":{"allow":["GET"]}}],"collection":[{"href":"https:\/\/nanobiotix.com\/fr\/wp-json\/wp\/v2\/pages"}],"about":[{"href":"https:\/\/nanobiotix.com\/fr\/wp-json\/wp\/v2\/types\/page"}],"author":[{"embeddable":true,"href":"https:\/\/nanobiotix.com\/fr\/wp-json\/wp\/v2\/users\/1"}],"replies":[{"embeddable":true,"href":"https:\/\/nanobiotix.com\/fr\/wp-json\/wp\/v2\/comments?post=145"}],"version-history":[{"count":0,"href":"https:\/\/nanobiotix.com\/fr\/wp-json\/wp\/v2\/pages\/145\/revisions"}],"wp:attachment":[{"href":"https:\/\/nanobiotix.com\/fr\/wp-json\/wp\/v2\/media?parent=145"}],"curies":[{"name":"wp","href":"https:\/\/api.w.org\/{rel}","templated":true}]}}